{"id":6187,"date":"2025-07-29T23:54:40","date_gmt":"2025-07-29T23:54:40","guid":{"rendered":"https:\/\/nembutalkaufen.com\/?post_type=product&#038;p=6187"},"modified":"2025-07-30T00:15:36","modified_gmt":"2025-07-30T00:15:36","slug":"kaufen-sie-aprobarbiton-online","status":"publish","type":"product","link":"https:\/\/nembutalkaufen.com\/en\/product\/kaufen-sie-aprobarbiton-online\/","title":{"rendered":"Kaufen Sie Aprobarbiton online"},"content":{"rendered":"<h1>Kaufen Sie Aprobarbiton online<\/h1>\n<p>Kaufen Sie Aprobarbiton online, Aprobarbiton, damit Sie einen erholsamen Schlaf genie\u00dfen k\u00f6nnen. Es ist im Grunde genommen das ideale Schlafmittel. Es ist bekannt f\u00fcr seine erstaunlichen beruhigenden, hypnotischen und krampfl\u00f6senden Eigenschaften und eignet sich perfekt f\u00fcr Menschen mit Schlafproblemen und Schlaflosigkeit. <a href=\"https:\/\/nembutalkaufen.com\/en\/\">Buy nembutal<\/a><\/p>\n<h2>Ist es m\u00f6glich Aprobarbiton rezeptfrei oder ohne Rezept zu kaufen?<\/h2>\n<p>Es ist in der Regel nicht m\u00f6glich, Aprobarbiton ohne Rezept in einem seri\u00f6sen Gesch\u00e4ft zu kaufen. In unserem Shop arbeiten jedoch registrierte \u00c4rzte mit Ihnen zusammen, die Ihnen bei der Beschaffung von Rezepten helfen, damit Sie eine Bestellung aufgeben k\u00f6nnen.<\/p>\n<p>Geben Sie einfach Ihre Bestellung auf und geben Sie Ihre Daten korrekt ein, da wir Ihre Daten ben\u00f6tigen, um Ihnen das Rezept auszustellen und Ihnen anschlie\u00dfend das Produkt mit dem Rezept zuzusenden. Wir k\u00f6nnen Sie auch kontaktieren, wenn wir weitere Informationen ben\u00f6tigen. Der Bestellvorgang ist schnell, sicher und wir respektieren die Privatsph\u00e4re unserer Kunden.\u00a0<a href=\"https:\/\/nembutalkaufen.com\/en\/contact\/\">Kontaktieren<\/a>\u00a0Sie uns f\u00fcr weitere Informationen.<\/p>","protected":false},"excerpt":{"rendered":"<h1 class=\"product_title entry-title\">Kaufen Aprobarbiton online<\/h1>","protected":false},"featured_media":6215,"comment_status":"open","ping_status":"closed","template":"","meta":{"om_disable_all_campaigns":false,"site-sidebar-layout":"default","site-content-layout":"","ast-site-content-layout":"default","site-content-style":"default","site-sidebar-style":"default","ast-global-header-display":"","ast-banner-title-visibility":"","ast-main-header-display":"","ast-hfb-above-header-display":"","ast-hfb-below-header-display":"","ast-hfb-mobile-header-display":"","site-post-title":"","ast-breadcrumbs-content":"","ast-featured-img":"","footer-sml-layout":"","theme-transparent-header-meta":"default","adv-header-id-meta":"","stick-header-meta":"","header-above-stick-meta":"","header-main-stick-meta":"","header-below-stick-meta":"","astra-migrate-meta-layouts":"set","ast-page-background-enabled":"default","ast-page-background-meta":{"desktop":{"background-color":"","background-image":"","background-repeat":"repeat","background-position":"center center","background-size":"auto","background-attachment":"scroll","background-type":"","background-media":"","overlay-type":"","overlay-color":"","overlay-opacity":"","overlay-gradient":""},"tablet":{"background-color":"","background-image":"","background-repeat":"repeat","background-position":"center center","background-size":"auto","background-attachment":"scroll","background-type":"","background-media":"","overlay-type":"","overlay-color":"","overlay-opacity":"","overlay-gradient":""},"mobile":{"background-color":"","background-image":"","background-repeat":"repeat","background-position":"center center","background-size":"auto","background-attachment":"scroll","background-type":"","background-media":"","overlay-type":"","overlay-color":"","overlay-opacity":"","overlay-gradient":""}},"ast-content-background-meta":{"desktop":{"background-color":"var(--ast-global-color-5)","background-image":"","background-repeat":"repeat","background-position":"center center","background-size":"auto","background-attachment":"scroll","background-type":"","background-media":"","overlay-type":"","overlay-color":"","overlay-opacity":"","overlay-gradient":""},"tablet":{"background-color":"var(--ast-global-color-5)","background-image":"","background-repeat":"repeat","background-position":"center center","background-size":"auto","background-attachment":"scroll","background-type":"","background-media":"","overlay-type":"","overlay-color":"","overlay-opacity":"","overlay-gradient":""},"mobile":{"background-color":"var(--ast-global-color-5)","background-image":"","background-repeat":"repeat","background-position":"center center","background-size":"auto","background-attachment":"scroll","background-type":"","background-media":"","overlay-type":"","overlay-color":"","overlay-opacity":"","overlay-gradient":""}}},"product_brand":[],"product_cat":[33],"product_tag":[183,166,173,167,171,164,187,185,184,179,172,177,178,170,168,169,165,175,53,180,190,181,186,176,174,182,189,188],"class_list":{"0":"post-6187","1":"product","2":"type-product","3":"status-publish","4":"has-post-thumbnail","6":"product_cat-nembutal","7":"product_tag-aprobarbiton-pillen-bestellen","8":"product_tag-aprobarbiton-pillen-fluessig","9":"product_tag-aprobarbiton-pillen-online","10":"product_tag-aprobarbiton-pillen-pulver","11":"product_tag-aprobarbiton-pillen-wiki","12":"product_tag-aprobarbiton-pillen-fuer-die-reinigung","13":"product_tag-aprobarbiton-pillen-hoechster-qualitaet","14":"product_tag-aprobarbiton-pillen-kaufen","15":"product_tag-aprobarbiton-pillen-online-bestellen","16":"product_tag-aprobarbiton-pillen-online-kaufen","17":"product_tag-aprobarbiton-pillen-weltweit","18":"product_tag-aprobarbitone-pillen-kaufen","19":"product_tag-aprobarbitone-pillen-legal-kaufen","20":"product_tag-aprobarbitone-pillen-lieferant","21":"product_tag-aprobarbitone-pillen-preis","22":"product_tag-aprobarbitone-pillen-speichern","23":"product_tag-aprobarbitone-pills-for-sale","24":"product_tag-bester-billiger-preis-aprobarbitone-pillen","25":"product_tag-bester-ort","26":"product_tag-billige-aprobarbiton-pillen","27":"product_tag-grosshandel-aprobarbiton-pillen-bulk-online","28":"product_tag-hochwertige-aprobarbiton-pillen","29":"product_tag-shop-aprobarbiton-pillen","30":"product_tag-um-aprobarbiton-pillen-zu-kaufen","31":"product_tag-verwendung-von-aprobarbiton-pillen","32":"product_tag-wie-man-aprobarbiton-pillen-kauft","33":"product_tag-wo-kann-man-aprobarbiton-pillen-bestellen","34":"product_tag-wo-kann-man-aprobarbiton-pillen-kaufen","35":"desktop-align-left","36":"tablet-align-left","37":"mobile-align-left","39":"first","40":"instock","41":"sale","42":"shipping-taxable","43":"purchasable","44":"product-type-variable"},"aioseo_notices":[],"_links":{"self":[{"href":"https:\/\/nembutalkaufen.com\/en\/wp-json\/wp\/v2\/product\/6187","targetHints":{"allow":["GET"]}}],"collection":[{"href":"https:\/\/nembutalkaufen.com\/en\/wp-json\/wp\/v2\/product"}],"about":[{"href":"https:\/\/nembutalkaufen.com\/en\/wp-json\/wp\/v2\/types\/product"}],"replies":[{"embeddable":true,"href":"https:\/\/nembutalkaufen.com\/en\/wp-json\/wp\/v2\/comments?post=6187"}],"wp:featuredmedia":[{"embeddable":true,"href":"https:\/\/nembutalkaufen.com\/en\/wp-json\/wp\/v2\/media\/6215"}],"wp:attachment":[{"href":"https:\/\/nembutalkaufen.com\/en\/wp-json\/wp\/v2\/media?parent=6187"}],"wp:term":[{"taxonomy":"product_brand","embeddable":true,"href":"https:\/\/nembutalkaufen.com\/en\/wp-json\/wp\/v2\/product_brand?post=6187"},{"taxonomy":"product_cat","embeddable":true,"href":"https:\/\/nembutalkaufen.com\/en\/wp-json\/wp\/v2\/product_cat?post=6187"},{"taxonomy":"product_tag","embeddable":true,"href":"https:\/\/nembutalkaufen.com\/en\/wp-json\/wp\/v2\/product_tag?post=6187"}],"curies":[{"name":"wp","href":"https:\/\/api.w.org\/{rel}","templated":true}]}}