{"id":5755,"date":"2023-01-11T00:46:38","date_gmt":"2023-01-11T00:46:38","guid":{"rendered":"https:\/\/nembutalkaufen.com\/?post_type=product&#038;p=5755"},"modified":"2025-10-16T21:44:32","modified_gmt":"2025-10-16T21:44:32","slug":"nembutal-pillen","status":"publish","type":"product","link":"https:\/\/nembutalkaufen.com\/fr\/product\/pilules-de-nembutal\/","title":{"rendered":"Pilules Nembutal"},"content":{"rendered":"<h1>\u00a0 \u00a0 \u00a0 \u00a0 \u00a0 \u00a0 \u00a0 \u00a0 \u00a0 \u00a0 \u00a0 <strong>\u00a0 Pilules Nembutal<\/strong><\/h1>\n<p>Nembutal pilules , Chez nembutal acheter vous pouvez maintenant passer une commande pour acheter des comprim\u00e9s de Nembutal et les utiliser \u00e0 votre avantage pour votre forme physique. Nous allons prendre vos informations de commande dans l'attention et le navire l'identique \u00e0 votre lieu de vacances mentionn\u00e9 correctement. Connectez-vous avec nous aujourd'hui et acheter des comprim\u00e9s de Nembutal sur le march\u00e9 \u00e0 des prix moins co\u00fbteux.<\/p>\n<p>Avec notre popularit\u00e9 extr\u00eamement bonne withinside l'industrie, nous sommes de transmettre Nembutal comprim\u00e9s d'une certaine mani\u00e8re. Nous r\u00e9pondons \u00e0 un gadget de transport court et lisse pour nos clients afin de s'assurer qu'ils re\u00e7oivent la commande le plus rapidement possible. Nous nous effor\u00e7ons constamment d'am\u00e9liorer notre grande, maintenant ne plus faire nos clients se r\u00e9jouissent de leur transport de produits.<\/p>\n<p>Comme nous sommes une pharmacie en ligne sp\u00e9cialis\u00e9e, nous n'omettons presque jamais un facteur ou un d\u00e9tail qui nous pr\u00e9occupe dans le transport propre des produits. Notre groupe surveille tout cela chaque jour pour ne rien laisser passer. Nous avons besoin de pr\u00e9server nos pr\u00e9cieux clients, grands pour son ou sa forme.<\/p>\n<h2>Quel est le r\u00f4le des pilules Nembutal dans la vie des gens ?<\/h2>\n<p>Pour commencer, les pilules Nembutal ne sont pas simplement un m\u00e9dicament al\u00e9atoire qui ne peut pas \u00eatre vendu par un dispensaire ou une pharmacie de proximit\u00e9. Il s'agit d'une m\u00e9decine de pointe, utilis\u00e9e comme narcotique pour soigner la privation de sommeil chez les gens. Dans les h\u00f4pitaux et les cliniques scientifiques, les m\u00e9decins et les chirurgiens utilisent les pilules Nembutal pour supprimer le sommeil chez les patients comme un moyen d'aller de l'avant avec la proc\u00e9dure scientifique.<\/p>\n<p>De plus, si vous avez besoin de pilules Nembutal, vous pouvez vous adresser au dispensaire en ligne le plus proche de la ligne internationale, c'est-\u00e0-dire acheter Nembutal. Ici, vous pourriez obtenir la haute-satisfaction de tout cela. Communique avec nous d\u00e8s maintenant !<\/p>\n<p>Quel est le site web le plus s\u00fbr en ligne pour faire ses achats en ligne ?<br \/>\nTout d'abord, ne soyez pas timide ! Notre boutique en ligne Nembutal est d\u00e9finitivement s\u00fbre, Acheter Nembutal vous pr\u00e9sente le fournisseur de premier prix le plus \u00e9lev\u00e9 et vous livre vos m\u00e9dicaments dans un emballage discret. C'est l'un des endroits les plus satisfaisants pour acheter des m\u00e9dicaments Nembutal car ils peuvent \u00eatre \u00e0 un prix raisonnable et un premier prix excessif.<\/p>\n<p>De plus, nos m\u00e9dicaments Nembutal sont le moyen le plus rapide, le plus simple et le plus indolore pour d\u00e9dier le suicide. De plus, elles peuvent \u00eatre utilis\u00e9es par tous ceux qui souhaitent prendre leur vie en main \u00e0 la maison. Commandez les m\u00e9dicaments nembutal maintenant et obtenez votre propre paquet de suicide facile \u00e0 appliquer contenant tout ce que vous voulez abandonner en bien moins de trois minutes.<\/p>\n<p>Derni\u00e8rement, vous cherchez \u00e0 acheter des pilules Nembutal ? Nous sommes la solution la plus satisfaisante pour obtenir les pilules Nembutal \u00e0 vendre. Les pilules Nembutal au premier prix, tr\u00e8s satisfaisantes, sont \u00e0 acheter en ligne, ici, chez Nembutal.<\/p>","protected":false},"excerpt":{"rendered":"<p>Acheter Nembutal est maintenant disponible sur la sc\u00e8ne web. Saisissez vos informations de commande pour acheter des comprim\u00e9s de Butabarbital sodique 50 mg sur notre site Internet l\u00e9gitime, suivi du prix de la m\u00eame chose. Une fois que la commande est pass\u00e9e, elle sera pr\u00eate dans le d\u00e9lai indiqu\u00e9. Commandez d\u00e8s aujourd'hui !<\/p>","protected":false},"featured_media":6039,"comment_status":"open","ping_status":"closed","template":"","meta":{"om_disable_all_campaigns":false,"site-sidebar-layout":"default","site-content-layout":"default","ast-site-content-layout":"default","site-content-style":"default","site-sidebar-style":"default","ast-global-header-display":"","ast-banner-title-visibility":"","ast-main-header-display":"","ast-hfb-above-header-display":"","ast-hfb-below-header-display":"","ast-hfb-mobile-header-display":"","site-post-title":"","ast-breadcrumbs-content":"","ast-featured-img":"","footer-sml-layout":"","theme-transparent-header-meta":"default","adv-header-id-meta":"","stick-header-meta":"","header-above-stick-meta":"","header-main-stick-meta":"","header-below-stick-meta":"","astra-migrate-meta-layouts":"set","ast-page-background-enabled":"default","ast-page-background-meta":{"desktop":{"background-color":"","background-image":"","background-repeat":"repeat","background-position":"center center","background-size":"auto","background-attachment":"scroll","background-type":"","background-media":"","overlay-type":"","overlay-color":"","overlay-opacity":"","overlay-gradient":""},"tablet":{"background-color":"","background-image":"","background-repeat":"repeat","background-position":"center center","background-size":"auto","background-attachment":"scroll","background-type":"","background-media":"","overlay-type":"","overlay-color":"","overlay-opacity":"","overlay-gradient":""},"mobile":{"background-color":"","background-image":"","background-repeat":"repeat","background-position":"center center","background-size":"auto","background-attachment":"scroll","background-type":"","background-media":"","overlay-type":"","overlay-color":"","overlay-opacity":"","overlay-gradient":""}},"ast-content-background-meta":{"desktop":{"background-color":"var(--ast-global-color-5)","background-image":"","background-repeat":"repeat","background-position":"center center","background-size":"auto","background-attachment":"scroll","background-type":"","background-media":"","overlay-type":"","overlay-color":"","overlay-opacity":"","overlay-gradient":""},"tablet":{"background-color":"var(--ast-global-color-5)","background-image":"","background-repeat":"repeat","background-position":"center center","background-size":"auto","background-attachment":"scroll","background-type":"","background-media":"","overlay-type":"","overlay-color":"","overlay-opacity":"","overlay-gradient":""},"mobile":{"background-color":"var(--ast-global-color-5)","background-image":"","background-repeat":"repeat","background-position":"center center","background-size":"auto","background-attachment":"scroll","background-type":"","background-media":"","overlay-type":"","overlay-color":"","overlay-opacity":"","overlay-gradient":""}}},"product_brand":[],"product_cat":[33],"product_tag":[41,35,36,34,42,44,37,39,38,40,43,45],"class_list":{"0":"post-5755","1":"product","2":"type-product","3":"status-publish","4":"has-post-thumbnail","6":"product_cat-nembutal","7":"product_tag-bestellen-nembutal-pillen-online","8":"product_tag-butabarbital-natrium-50-mg-tabletten-zu-den-besten-preisen-kaufen","9":"product_tag-butabarbital-tabletten-online-ohne-rezept-kaufen","10":"product_tag-butabarbital-tabletten-zu-verkaufen","11":"product_tag-der-beste-ort","12":"product_tag-der-beste-weg","13":"product_tag-kaufen-nembutal-pillen-online","14":"product_tag-nembutal-pillen-online-kaufen","15":"product_tag-nembutal-pillen-zum-verkauf","16":"product_tag-online-nembutal-pillen","17":"product_tag-um-nembutal-pillen-online-zu-kaufen","18":"product_tag-wo-kaufen-nembutal-pillen","19":"desktop-align-left","20":"tablet-align-left","21":"mobile-align-left","23":"first","24":"instock","25":"shipping-taxable","26":"purchasable","27":"product-type-variable"},"aioseo_notices":[],"_links":{"self":[{"href":"https:\/\/nembutalkaufen.com\/fr\/wp-json\/wp\/v2\/product\/5755","targetHints":{"allow":["GET"]}}],"collection":[{"href":"https:\/\/nembutalkaufen.com\/fr\/wp-json\/wp\/v2\/product"}],"about":[{"href":"https:\/\/nembutalkaufen.com\/fr\/wp-json\/wp\/v2\/types\/product"}],"replies":[{"embeddable":true,"href":"https:\/\/nembutalkaufen.com\/fr\/wp-json\/wp\/v2\/comments?post=5755"}],"wp:featuredmedia":[{"embeddable":true,"href":"https:\/\/nembutalkaufen.com\/fr\/wp-json\/wp\/v2\/media\/6039"}],"wp:attachment":[{"href":"https:\/\/nembutalkaufen.com\/fr\/wp-json\/wp\/v2\/media?parent=5755"}],"wp:term":[{"taxonomy":"product_brand","embeddable":true,"href":"https:\/\/nembutalkaufen.com\/fr\/wp-json\/wp\/v2\/product_brand?post=5755"},{"taxonomy":"product_cat","embeddable":true,"href":"https:\/\/nembutalkaufen.com\/fr\/wp-json\/wp\/v2\/product_cat?post=5755"},{"taxonomy":"product_tag","embeddable":true,"href":"https:\/\/nembutalkaufen.com\/fr\/wp-json\/wp\/v2\/product_tag?post=5755"}],"curies":[{"name":"wp","href":"https:\/\/api.w.org\/{rel}","templated":true}]}}