{"id":5764,"date":"2023-01-11T01:58:27","date_gmt":"2023-01-11T01:58:27","guid":{"rendered":"https:\/\/nembutalkaufen.com\/?post_type=product&#038;p=5764"},"modified":"2026-03-15T07:44:52","modified_gmt":"2026-03-15T07:44:52","slug":"nembutal-kapseln-online-kaufen","status":"publish","type":"product","link":"https:\/\/nembutalkaufen.com\/fr\/product\/nembutal-capsules-achat-en-ligne\/","title":{"rendered":"Acheter des capsules de Nembutal en ligne"},"content":{"rendered":"<p>Vous recherchez une pharmacie en ligne fiable et experte qui vous permette d'acheter des g\u00e9lules de Nembutal en ligne \u00e0 un bon prix ? Si oui, alors vous \u00eates certainement arriv\u00e9 au bon endroit dans la r\u00e9alit\u00e9. Nous sommes une pharmacie en ligne diagnostiqu\u00e9e reconnue sous la r\u00e9putation d'acheter Nembutal. Comme le transporteur et le fournisseur withinside fine du march\u00e9 en ligne, nous avons gagn\u00e9 un certain nombre de clients fid\u00e8les qui sont souvent l'achat pour Nembutal capsules de notre pharmacie en ligne.<\/p>\n<p>M\u00eame si vous achetez Nembutal g\u00e9lules pour la premi\u00e8re fois dans notre pharmacie en ligne, ne vous inqui\u00e9tez pas. Vous obtiendrez le meilleur d'ici. Nous sommes constamment juste ici pour vous aider \u00e0 acheter pour Nembutal capsules en ligne d'une mani\u00e8re pratique. Nous sommes \u00e0 droite exigences de l'entreprise et de fournir \u00e0 nos clients avec leurs marchandises withinside la m\u00eame mani\u00e8re. Avec l'aide de notre pharmacie en ligne, aucun compromis n'est fait sur la qualit\u00e9, l'emballage ou l'exp\u00e9dition des g\u00e9lules de Nembutal. Si vous avez l'intention d'acheter des capsules Nembutal, alors contactez-nous ces jours-ci et obtenir vos besoins satisfaits dans un d\u00e9lai rapide.<\/p>\n<p>Pourquoi choisir d'acheter Nembutal est la meilleure d\u00e9cision pour acheter des capsules de Nembutal ?<br \/>\nSi vous avez besoin de capsules de Nembutal d'une mani\u00e8re unique avec des v\u00e9rifications gentilles et une installation d'exp\u00e9dition courte, alors la d\u00e9cision pour nous est toujours la pr\u00e9f\u00e9rence fine. Acheter Nembutal vend les capsules Nembutal fines et belles \u00e0 des tarifs avantageux dans le monde entier. Un point qui nous maintient sur la bonne voie est le fait que nous n'utilisons d\u00e9sormais plus d'interm\u00e9diaires dans notre processus de transaction. Nous parlons imm\u00e9diatement avec les clients et ex\u00e9cutons leur commande en temps voulu.<\/p>\n<p>En outre, pour l'exploitation dans ce domaine sur une longue p\u00e9riode, nous avons \u00e9t\u00e9 favoris\u00e9s avec l'aide de l'utilisation de nos clients avecinside la forme de critiques de haute qualit\u00e9 et des commentaires. Notre groupe garantit que Nembutal Capsules est d'atteindre les clients d'une mani\u00e8re s\u00fbre et stable. En outre, avec chaque produit, nous offrons une s\u00e9rie de commandes associ\u00e9es. Ces commandes vous aideront \u00e0 manipuler votre m\u00e9dicament sur Nembutal Capsules d'une mani\u00e8re globale.<\/p>\n<p>Enfin, nos offres de premier ordre sont \u00e0 votre disposition tout le temps. Vous pouvez \u00e9galement obtenir des statistiques suppl\u00e9mentaires sur les m\u00e9dicaments sur Nembutal Capsules avec l'aide de notre pharmacie en ligne. Auparavant, les gens avaient du mal \u00e0 acheter des capsules de Nembutal. Mais avec le d\u00e9veloppement dans le temps, notre pharmacie en ligne est arriv\u00e9e avec les marchandises Nembutal. Vous devriez les acheter n'importe quand et n'importe o\u00f9.<\/p>\n<p>En savoir plus sur les g\u00e9lules Nembutal<br \/>\nPour commencer, les drogues Nembutal sont une forme de drogue qui est normalement utilis\u00e9e comme s\u00e9datif pour aider une personne affect\u00e9e \u00e0 s'endormir. Il peut \u00e9galement \u00eatre utilis\u00e9 pour traiter les crises qui pourraient se manifester alors qu'une personne a une tumeur \u00e0 l'esprit. En outre, il peut \u00eatre utilis\u00e9 pour traiter les signes de la maladie de Parkinson et le sevrage de la drogue.<\/p>\n<p>En outre, les m\u00e9dicaments Nembutal sont utilis\u00e9s aux \u00c9tats-Unis pour l'application de la peine de mort et ont \u00e9t\u00e9 class\u00e9s comme s\u00e9datifs de premier choix en Inde. Ces m\u00e9dicaments sont \u00e9galement utilis\u00e9s dans le cadre de l'aide au suicide, o\u00f9 ils permettent aux malades en phase terminale, qui pr\u00e9f\u00e8rent ne plus se battre et \u00eatre maintenus en vie contrairement \u00e0 leurs souhaits, de mourir sans violence.<\/p>\n<p>Consid\u00e9r\u00e9 comme l'un des comprim\u00e9s les plus c\u00e9l\u00e8bres utilis\u00e9s dans l'euthanasie, Nembutal est devenu tr\u00e8s difficile \u00e0 trouver dans les pharmacies ces derni\u00e8res ann\u00e9es. Acheter Nembutal est pr\u00e9cis\u00e9ment l\u00e0 pour y rem\u00e9dier. Nous proposons une \u00e9norme s\u00e9lection de marchandises ainsi que des drogues Nembutal, de la poudre Nembutal et d'autres comprim\u00e9s euthanasiques c\u00e9l\u00e8bres. Nous sommes connus pour fournir des marchandises de premi\u00e8re qualit\u00e9 \u00e0 des prix tr\u00e8s raisonnables.<\/p>\n<p>Haute qualit\u00e9 de la marchandise<br \/>\nTout d'abord, nos m\u00e9dicaments Nembutal sont de premi\u00e8re classe. Nous offrons la meilleure qualit\u00e9, et nos m\u00e9dicaments sont test\u00e9s pour \u00eatre 100% naturels, avec une qualit\u00e9 maximale comme aucun autre. Nous offrons un choix \u00e9norme de diff\u00e9rentes longueurs pour r\u00e9pondre \u00e0 vos besoins, de sorte que vous pouvez obtenir les meilleurs commentaires jamais.<\/p>\n<p>Ici aussi, nous vous proposons avec les drogues fines nembutal \u00e0 la vente. Les m\u00e9dicaments sont l'un d'une sorte d'amidon disponible et peut \u00eatre achet\u00e9 en ligne sans aucune difficult\u00e9. Nous vous assurons que vous pouvez obtenir le m\u00e9dicament que vous souhaitez dans les d\u00e9lais et avec facilit\u00e9, de sorte qu'il vaut vraiment la peine de faire des achats sur notre site !<\/p>\n<p>Le Nembutal est le plus appropri\u00e9 pour l'euthanasie et pour les personnes qui souhaitent mettre fin \u00e0 leur propre vie. Il est \u00e9galement utilis\u00e9 par les v\u00e9t\u00e9rinaires lors de l'euthanasie d'animaux atteints de maladies incurables. Nous proposons une dose unique de m\u00e9dicaments Nembutal. Nous avons 30mg, 60mg, &amp; 100mg`s.<\/p>","protected":false},"excerpt":{"rendered":"<p>acheter nembutal propose \u00e0 la vente des comprim\u00e9s de Nembutal qui peuvent \u00eatre livr\u00e9s en temps voulu dans la r\u00e9gion que vous avez indiqu\u00e9e. V\u00e9rifiez les quantit\u00e9s et poursuivez votre commande<\/p>","protected":false},"featured_media":6038,"comment_status":"open","ping_status":"closed","template":"","meta":{"om_disable_all_campaigns":false,"site-sidebar-layout":"default","site-content-layout":"default","ast-site-content-layout":"default","site-content-style":"default","site-sidebar-style":"default","ast-global-header-display":"","ast-banner-title-visibility":"","ast-main-header-display":"","ast-hfb-above-header-display":"","ast-hfb-below-header-display":"","ast-hfb-mobile-header-display":"","site-post-title":"","ast-breadcrumbs-content":"","ast-featured-img":"","footer-sml-layout":"","theme-transparent-header-meta":"default","adv-header-id-meta":"","stick-header-meta":"","header-above-stick-meta":"","header-main-stick-meta":"","header-below-stick-meta":"","astra-migrate-meta-layouts":"set","ast-page-background-enabled":"default","ast-page-background-meta":{"desktop":{"background-color":"","background-image":"","background-repeat":"repeat","background-position":"center center","background-size":"auto","background-attachment":"scroll","background-type":"","background-media":"","overlay-type":"","overlay-color":"","overlay-opacity":"","overlay-gradient":""},"tablet":{"background-color":"","background-image":"","background-repeat":"repeat","background-position":"center center","background-size":"auto","background-attachment":"scroll","background-type":"","background-media":"","overlay-type":"","overlay-color":"","overlay-opacity":"","overlay-gradient":""},"mobile":{"background-color":"","background-image":"","background-repeat":"repeat","background-position":"center center","background-size":"auto","background-attachment":"scroll","background-type":"","background-media":"","overlay-type":"","overlay-color":"","overlay-opacity":"","overlay-gradient":""}},"ast-content-background-meta":{"desktop":{"background-color":"var(--ast-global-color-5)","background-image":"","background-repeat":"repeat","background-position":"center center","background-size":"auto","background-attachment":"scroll","background-type":"","background-media":"","overlay-type":"","overlay-color":"","overlay-opacity":"","overlay-gradient":""},"tablet":{"background-color":"var(--ast-global-color-5)","background-image":"","background-repeat":"repeat","background-position":"center center","background-size":"auto","background-attachment":"scroll","background-type":"","background-media":"","overlay-type":"","overlay-color":"","overlay-opacity":"","overlay-gradient":""},"mobile":{"background-color":"var(--ast-global-color-5)","background-image":"","background-repeat":"repeat","background-position":"center center","background-size":"auto","background-attachment":"scroll","background-type":"","background-media":"","overlay-type":"","overlay-color":"","overlay-opacity":"","overlay-gradient":""}}},"product_brand":[],"product_cat":[33],"product_tag":[46,53,47,48,49,55,56,58,59,57,50,51,54,52,60],"class_list":{"0":"post-5764","1":"product","2":"type-product","3":"status-publish","4":"has-post-thumbnail","6":"product_cat-nembutal","7":"product_tag-best-place-to-buy-nembutal-capsules-online","8":"product_tag-bester-ort","9":"product_tag-buy-nembutal-capsules-online","10":"product_tag-high-quality-nembutal-capsules-for-sale","11":"product_tag-nembutal-capsules-for-sale","12":"product_tag-nembutal-ohne-rezept-kaufen","13":"product_tag-nembutal-tabletten-kaufen","14":"product_tag-nembutal-tabletten-online","15":"product_tag-nembutal-tabletten-zu-kaufen","16":"product_tag-nembutal-tabletten-zum-verkauf","17":"product_tag-order-nembutal-capsules-online","18":"product_tag-purchase-nembutal-capsules","19":"product_tag-um-nembutal-tabletten-online-zu-kaufen","20":"product_tag-where-to-buy-nembutal-capsules","21":"product_tag-wo-kann-man-nembutal-tabletten-kaufen","22":"desktop-align-left","23":"tablet-align-left","24":"mobile-align-left","26":"first","27":"instock","28":"shipping-taxable","29":"purchasable","30":"product-type-variable"},"aioseo_notices":[],"_links":{"self":[{"href":"https:\/\/nembutalkaufen.com\/fr\/wp-json\/wp\/v2\/product\/5764","targetHints":{"allow":["GET"]}}],"collection":[{"href":"https:\/\/nembutalkaufen.com\/fr\/wp-json\/wp\/v2\/product"}],"about":[{"href":"https:\/\/nembutalkaufen.com\/fr\/wp-json\/wp\/v2\/types\/product"}],"replies":[{"embeddable":true,"href":"https:\/\/nembutalkaufen.com\/fr\/wp-json\/wp\/v2\/comments?post=5764"}],"wp:featuredmedia":[{"embeddable":true,"href":"https:\/\/nembutalkaufen.com\/fr\/wp-json\/wp\/v2\/media\/6038"}],"wp:attachment":[{"href":"https:\/\/nembutalkaufen.com\/fr\/wp-json\/wp\/v2\/media?parent=5764"}],"wp:term":[{"taxonomy":"product_brand","embeddable":true,"href":"https:\/\/nembutalkaufen.com\/fr\/wp-json\/wp\/v2\/product_brand?post=5764"},{"taxonomy":"product_cat","embeddable":true,"href":"https:\/\/nembutalkaufen.com\/fr\/wp-json\/wp\/v2\/product_cat?post=5764"},{"taxonomy":"product_tag","embeddable":true,"href":"https:\/\/nembutalkaufen.com\/fr\/wp-json\/wp\/v2\/product_tag?post=5764"}],"curies":[{"name":"wp","href":"https:\/\/api.w.org\/{rel}","templated":true}]}}