{"id":5780,"date":"2023-01-11T02:19:56","date_gmt":"2023-01-11T02:19:56","guid":{"rendered":"https:\/\/nembutalkaufen.com\/?post_type=product&#038;p=5780"},"modified":"2026-01-31T02:16:47","modified_gmt":"2026-01-31T02:16:47","slug":"nembutal-flussig-zum-einnehmen","status":"publish","type":"product","link":"https:\/\/nembutalkaufen.com\/fr\/product\/nembutal-fluide-pour-prendre\/","title":{"rendered":"Nembutal liquide pour voie orale"},"content":{"rendered":"<h1><span style=\"vertical-align: inherit;\"><span style=\"vertical-align: inherit;\">\u00a0 \u00a0 \u00a0 \u00a0 \u00a0Liquide Nembutal pour usage oral et injection<\/span><\/span><\/h1>\n<p>&nbsp;<\/p>\n<p><span style=\"vertical-align: inherit;\"><span style=\"vertical-align: inherit;\">Buy pentobarbital online liduid , Le pentobarbital sodique est disponible sous forme de solution orale pour l'homme sous le nom de Nembutal. Il peut \u00eatre administr\u00e9 par des professionnels exp\u00e9riment\u00e9s dans les h\u00f4pitaux et les cliniques ou \u00e0 domicile. Il a pour effet secondaire de provoquer une sensation de somnolence, mais ne devrait pas provoquer de naus\u00e9es ou de pertes de m\u00e9moire.<\/span><\/span><\/p>\n<p><span style=\"vertical-align: inherit;\"><span style=\"vertical-align: inherit;\">Nembutal Oral Liquid, achet\u00e9 sous forme liquide, contient du pentobarbital de sodium. Une fois dissous dans l'eau, il agit comme un agent s\u00e9datif ou somnif\u00e8re. Nembutal est \u00e9galement utilis\u00e9 pour traiter les convulsions chez certains patients. Le Nembutal est g\u00e9n\u00e9ralement prescrit pour traiter l'insomnie chez les personnes \u00e2g\u00e9es, en association avec d'autres m\u00e9dicaments ou chez les patients n\u00e9cessitant une s\u00e9dation continue. Nembutal peut provoquer des somnolences, des troubles de la vision, des pertes de m\u00e9moire temporaires, des troubles de l'\u00e9locution et une somnolence diurne.<\/span><\/span><\/p>\n<p><span style=\"vertical-align: inherit;\"><span style=\"vertical-align: inherit;\">Nembutal est un s\u00e9datif \u00e0 court terme couramment utilis\u00e9 qui peut \u00eatre achet\u00e9 sous forme de liquide, de pilule ou de comprim\u00e9. La version liquide orale de ce m\u00e9dicament s'appelle Nembutal - Oral Liquid et n'a pas de go\u00fbt, ce qui la rend facile \u00e0 avaler. Cette forme de dosage oral de Nembutal permet \u00e9galement aux m\u00e9decins de prescrire le m\u00e9dicament exactement quand et o\u00f9 le patient le souhaite.<\/span><\/span><\/p>\n<p><span style=\"vertical-align: inherit;\"><span style=\"vertical-align: inherit;\">Nembutal agit rapidement, franchit la barri\u00e8re sang-esprit et ne provoque donc plus de somnolence excessive. Il agit rapidement pour r\u00e9duire l'activit\u00e9 des convulsions et peut \u00eatre administr\u00e9 par injection ou directement dans l'estomac. Nembutal peut provoquer des effets ind\u00e9sirables excessifs tels qu'un estomac surcharg\u00e9, des naus\u00e9es, une sensation de br\u00fblure au c\u0153ur, un ralentissement de la respiration, de la confusion, des hallucinations, une faible pression sanguine (hypotension), un faible taux de sucre dans le sang (hypoglyc\u00e9mie), une insuffisance r\u00e9nale, un rythme cardiaque rapide ou anormalement lent (arythmie), une hyperactivit\u00e9 (agitation) et une respiration anormale.<\/span><\/span><\/p>\n<p><span style=\"vertical-align: inherit;\"><span style=\"vertical-align: inherit;\">Nous proposons une large gamme de formes gal\u00e9niques de Nembutal, dont Nembutal Oral Liquid, Nembutal Powder, Nembutal Pills, et Nembutal Injectable Solution, en plus de la livraison \u00e0 domicile.<\/span><\/span><\/p>\n<p><span style=\"vertical-align: inherit;\"><span style=\"vertical-align: inherit;\">Pourquoi acheter du pentobarbital en ligne chez nous ? <\/span><\/span><br \/>\n<span style=\"vertical-align: inherit;\"><span style=\"vertical-align: inherit;\">Notre liquide Nembutal vous offre l'avantage de prendre ce barbiturique avec vous \u00e0 tout moment, sans avoir \u00e0 vous soucier de stocker un quelconque liquide ou de faire de l'exercice. 1 ml de liquide \u00e9quivaut \u00e0 environ 1 barbiturique, ce qui permet une forte s\u00e9dation pour une utilisation \u00e0 court terme. Nembutal peut \u00eatre utilis\u00e9 par voie topique (sur la peau) pour le soulagement \u00e0 court terme des signes et des sympt\u00f4mes de d\u00e9mangeaisons ou d'inflammation. Il peut \u00e9galement \u00eatre pris par voie orale ; toutefois, il ne doit pas \u00eatre utilis\u00e9 pour la gestion de la douleur, car une surdose peut entra\u00eener la mort, une insuffisance h\u00e9patique, une d\u00e9pression respiratoire, un coma ou un arr\u00eat respiratoire.<\/span><\/span><\/p>\n<p><span style=\"vertical-align: inherit;\"><span style=\"vertical-align: inherit;\">Nous savons que c'est une vraie douleur de suivre chaque m\u00e9dicament que tu prends, alors nous avons fait en sorte que ce soit facile pour toi. Garder une trace des m\u00e9dicaments que vous prenez et de ce que vous faites permet \u00e0 tous vos m\u00e9decins de v\u00e9rifier que vous vous en sortez bien. Nembutal peut avoir des effets secondaires graves ou parfois fatals.<\/span><\/span><\/p>\n<p><span style=\"vertical-align: inherit;\"><span style=\"vertical-align: inherit;\">Nous sommes l\u00e0 pour vous aider \u00e0 obtenir vos m\u00e9dicaments, \u00e0 les exp\u00e9dier ou \u00e0 les r\u00e9acheminer. Nous vous enverrons vos m\u00e9dicaments en toute s\u00e9curit\u00e9 et \u00e0 un prix abordable. Achetez le pentobarbital en ligne chez nous \u00e0 bas prix.<\/span><\/span><\/p>\n<p><span style=\"vertical-align: inherit;\"><span style=\"vertical-align: inherit;\">Il \u00e9tait si difficile d'obtenir vos m\u00e9dicaments sans faire monter les prix. Ce n'est plus le cas. Nous avons fait en sorte que vos m\u00e9dicaments soient livr\u00e9s correctement et rapidement, et \u00e0 un prix raisonnable. Achetez le pentobarbital en ligne chez nous \u00e0 bas prix.<\/span><\/span><\/p>","protected":false},"excerpt":{"rendered":"<p><span style=\"vertical-align: inherit;\"><span style=\"vertical-align: inherit;\">Acheter du pentobarbital liquide en ligne. Le pentobarbital sodique est disponible sous forme de solution orale sous le nom de marque Nembutal. Il peut \u00eatre administr\u00e9 par des professionnels form\u00e9s dans les h\u00f4pitaux et les cliniques ou \u00e0 domicile.<\/span><\/span><\/p>","protected":false},"featured_media":6041,"comment_status":"open","ping_status":"closed","template":"","meta":{"om_disable_all_campaigns":false,"site-sidebar-layout":"default","site-content-layout":"default","ast-site-content-layout":"default","site-content-style":"default","site-sidebar-style":"default","ast-global-header-display":"","ast-banner-title-visibility":"","ast-main-header-display":"","ast-hfb-above-header-display":"","ast-hfb-below-header-display":"","ast-hfb-mobile-header-display":"","site-post-title":"","ast-breadcrumbs-content":"","ast-featured-img":"","footer-sml-layout":"","theme-transparent-header-meta":"default","adv-header-id-meta":"","stick-header-meta":"","header-above-stick-meta":"","header-main-stick-meta":"","header-below-stick-meta":"","astra-migrate-meta-layouts":"set","ast-page-background-enabled":"default","ast-page-background-meta":{"desktop":{"background-color":"","background-image":"","background-repeat":"repeat","background-position":"center center","background-size":"auto","background-attachment":"scroll","background-type":"","background-media":"","overlay-type":"","overlay-color":"","overlay-opacity":"","overlay-gradient":""},"tablet":{"background-color":"","background-image":"","background-repeat":"repeat","background-position":"center center","background-size":"auto","background-attachment":"scroll","background-type":"","background-media":"","overlay-type":"","overlay-color":"","overlay-opacity":"","overlay-gradient":""},"mobile":{"background-color":"","background-image":"","background-repeat":"repeat","background-position":"center center","background-size":"auto","background-attachment":"scroll","background-type":"","background-media":"","overlay-type":"","overlay-color":"","overlay-opacity":"","overlay-gradient":""}},"ast-content-background-meta":{"desktop":{"background-color":"var(--ast-global-color-5)","background-image":"","background-repeat":"repeat","background-position":"center center","background-size":"auto","background-attachment":"scroll","background-type":"","background-media":"","overlay-type":"","overlay-color":"","overlay-opacity":"","overlay-gradient":""},"tablet":{"background-color":"var(--ast-global-color-5)","background-image":"","background-repeat":"repeat","background-position":"center center","background-size":"auto","background-attachment":"scroll","background-type":"","background-media":"","overlay-type":"","overlay-color":"","overlay-opacity":"","overlay-gradient":""},"mobile":{"background-color":"var(--ast-global-color-5)","background-image":"","background-repeat":"repeat","background-position":"center center","background-size":"auto","background-attachment":"scroll","background-type":"","background-media":"","overlay-type":"","overlay-color":"","overlay-opacity":"","overlay-gradient":""}}},"product_brand":[],"product_cat":[33],"product_tag":[],"class_list":{"0":"post-5780","1":"product","2":"type-product","3":"status-publish","4":"has-post-thumbnail","6":"product_cat-nembutal","7":"desktop-align-left","8":"tablet-align-left","9":"mobile-align-left","11":"first","12":"instock","13":"shipping-taxable","14":"purchasable","15":"product-type-variable"},"aioseo_notices":[],"_links":{"self":[{"href":"https:\/\/nembutalkaufen.com\/fr\/wp-json\/wp\/v2\/product\/5780","targetHints":{"allow":["GET"]}}],"collection":[{"href":"https:\/\/nembutalkaufen.com\/fr\/wp-json\/wp\/v2\/product"}],"about":[{"href":"https:\/\/nembutalkaufen.com\/fr\/wp-json\/wp\/v2\/types\/product"}],"replies":[{"embeddable":true,"href":"https:\/\/nembutalkaufen.com\/fr\/wp-json\/wp\/v2\/comments?post=5780"}],"wp:featuredmedia":[{"embeddable":true,"href":"https:\/\/nembutalkaufen.com\/fr\/wp-json\/wp\/v2\/media\/6041"}],"wp:attachment":[{"href":"https:\/\/nembutalkaufen.com\/fr\/wp-json\/wp\/v2\/media?parent=5780"}],"wp:term":[{"taxonomy":"product_brand","embeddable":true,"href":"https:\/\/nembutalkaufen.com\/fr\/wp-json\/wp\/v2\/product_brand?post=5780"},{"taxonomy":"product_cat","embeddable":true,"href":"https:\/\/nembutalkaufen.com\/fr\/wp-json\/wp\/v2\/product_cat?post=5780"},{"taxonomy":"product_tag","embeddable":true,"href":"https:\/\/nembutalkaufen.com\/fr\/wp-json\/wp\/v2\/product_tag?post=5780"}],"curies":[{"name":"wp","href":"https:\/\/api.w.org\/{rel}","templated":true}]}}