{"id":5786,"date":"2023-01-11T02:38:05","date_gmt":"2023-01-11T02:38:05","guid":{"rendered":"https:\/\/nembutalkaufen.com\/?post_type=product&#038;p=5786"},"modified":"2026-03-17T07:25:53","modified_gmt":"2026-03-17T07:25:53","slug":"nembutal-pulver","status":"publish","type":"product","link":"https:\/\/nembutalkaufen.com\/fr\/product\/poudre-de-nembutal\/","title":{"rendered":"Poudre de Nembutal"},"content":{"rendered":"<h1 style=\"text-align: center;\"><a href=\"https:\/\/nembutalkaufen.com\/fr\/\">Poudre de Nembutal<\/a><\/h1>\n<p>&nbsp;<\/p>\n<p>Acheter Nembutal est une pharmacie experte avec des traitements de drogue super et des pilules withinside le march\u00e9 en ligne d'avoir. Si vous \u00eates enclin \u00e0 acheter de la poudre Nembutal en ligne aupr\u00e8s du meilleur fournisseur de poudre Nembutal, alors notre pharmacie est le bon endroit pour le faire. Contactez-nous ces jours-ci et obtenez vos besoins pr\u00eats en peu de temps. Votre m\u00e9dicament vous parviendra \u00e0 l'endroit que vous aurez choisi. Commandez maintenant la poudre Nembutal en ligne \u00e0 un prix tr\u00e8s avantageux !<\/p>\n<p>Quels sont les avantages de l'utilisation de la poudre Nembutal ?<br \/>\nNembutal Powder est con\u00e7u pour l'induction du sommeil chez les personnes souffrant de probl\u00e8mes de saignement comme l'insomnie ou des probl\u00e8mes de saignement. Si par tout risque, vous avez rempli les fonctions identiques, alors il est largement le bon choix pour Nembutal Powder boutique en ligne de notre pharmacie en ligne.<\/p>\n<p>Quel est le bon endroit pour acheter de la poudre Nembutal en ligne ?<br \/>\nQue vous achetiez de la poudre Nembutal pour la premi\u00e8re fois ou que vous soyez un acheteur r\u00e9current, acheter Nembutal sera g\u00e9n\u00e9ralement le bon environnement pour vous pour terminer l'acquisition. Avec des ann\u00e9es d'exp\u00e9rience, nous comprenons la fa\u00e7on de penser des clients et de les offrir comme \u00e9tant en ligne avec leurs attentes. Vos donn\u00e9es et informations personnelles sont absolument s\u00fbres chez nous. Nous ne transmettons plus ces informations \u00e0 des tiers. De cette fa\u00e7on, vous pouvez sans difficult\u00e9 acheter de la poudre Nembutal en ligne \u00e0 des frais hautement satisfaisants de notre part.<\/p>\n<p>Vous \u00eates g\u00e9n\u00e9ralement en avance sur les autres lors de l'achat de notre pharmacie en ligne. Nous avons gagn\u00e9 une vari\u00e9t\u00e9 de clients de capacit\u00e9 sur une longueur de temps. Si vous devez obtenir le hautement-satisfaisant, alors maintenant plus au sujet de n'importe quel risque pour nous contacter.<\/p>\n<p>Acheter Nembutal pour l'euthanasie<br \/>\nPour commencer, le pentobarbital est une drogue m\u00e9dicale euthanasique qui provoque des d\u00e9c\u00e8s en 15 demi-heures \u00e0 des doses de 25 grammes et plus, selon votre \u00e2ge et votre poids. En outre, c'est le meilleur endroit pour acheter de la poudre Nembutal sans ordonnance. Nous vous offrons un service honn\u00eate, avec un transport l\u00e2che et un emballage discret.<\/p>\n<p>En outre, la poudre de Nembutal sur le march\u00e9 est l'une des pilules les plus c\u00e9l\u00e8bres parmi ceux qui veulent se suicider, car elle n'a pas de douleur ou de cons\u00e9quences dangereuses sur le corps et elle est tr\u00e8s propre \u00e0 utiliser. Nous offrons excessivement belle Nembutal sur le march\u00e9 \u00e0 des prix plus bas taxe. Poudre de Nembutal sur le march\u00e9 ! Le groupe Pentobarbital est l'un des plus grands fournisseurs mondiaux de Nembutal. Vous avez probablement d\u00e9j\u00e0 vu que nous proposons une offre unique sur notre site Internet. Nous sommes actifs dans ce domaine depuis longtemps et proposons \u00e0 nos clients d'excellentes marchandises \u00e0 un prix avantageux. Jusqu'\u00e0 \u00e9puisement des stocks, profitez de cette offre !<\/p>\n<p>Exp\u00e9dition de Nembutal<br \/>\nEnfin, nous offrons un transport rapide et discret dans le monde entier et de fournir la r\u00e9union si n\u00e9cessaire. Mais la ligne du bas est, vous pouvez commander sans difficult\u00e9 et rapidement la poudre de Nembutal ici \u00e0 Nembutal acheter dans le confort de votre maison et de disposer d'elle avec aucun probl\u00e8me introduit. Commandez maintenant !<\/p>","protected":false},"excerpt":{"rendered":"<p>Envoyez votre commande et la poudre Nembutal sur le march\u00e9 pour avoir les frais exceptionnels ici, l'un des m\u00e9dicaments les plus couramment utilis\u00e9s pour l'aide au suicide et l'homicide non violent est la poudre Nembutal. La poudre Nembutal peut \u00eatre achet\u00e9e \u00e0 un prix raisonnable. Commandez maintenant et recevez une livraison gratuite et s\u00e9curis\u00e9e !<\/p>","protected":false},"featured_media":6036,"comment_status":"open","ping_status":"closed","template":"","meta":{"om_disable_all_campaigns":false,"site-sidebar-layout":"default","site-content-layout":"default","ast-site-content-layout":"default","site-content-style":"default","site-sidebar-style":"default","ast-global-header-display":"","ast-banner-title-visibility":"","ast-main-header-display":"","ast-hfb-above-header-display":"","ast-hfb-below-header-display":"","ast-hfb-mobile-header-display":"","site-post-title":"","ast-breadcrumbs-content":"","ast-featured-img":"","footer-sml-layout":"","theme-transparent-header-meta":"default","adv-header-id-meta":"","stick-header-meta":"","header-above-stick-meta":"","header-main-stick-meta":"","header-below-stick-meta":"","astra-migrate-meta-layouts":"set","ast-page-background-enabled":"default","ast-page-background-meta":{"desktop":{"background-color":"","background-image":"","background-repeat":"repeat","background-position":"center center","background-size":"auto","background-attachment":"scroll","background-type":"","background-media":"","overlay-type":"","overlay-color":"","overlay-opacity":"","overlay-gradient":""},"tablet":{"background-color":"","background-image":"","background-repeat":"repeat","background-position":"center center","background-size":"auto","background-attachment":"scroll","background-type":"","background-media":"","overlay-type":"","overlay-color":"","overlay-opacity":"","overlay-gradient":""},"mobile":{"background-color":"","background-image":"","background-repeat":"repeat","background-position":"center center","background-size":"auto","background-attachment":"scroll","background-type":"","background-media":"","overlay-type":"","overlay-color":"","overlay-opacity":"","overlay-gradient":""}},"ast-content-background-meta":{"desktop":{"background-color":"var(--ast-global-color-5)","background-image":"","background-repeat":"repeat","background-position":"center center","background-size":"auto","background-attachment":"scroll","background-type":"","background-media":"","overlay-type":"","overlay-color":"","overlay-opacity":"","overlay-gradient":""},"tablet":{"background-color":"var(--ast-global-color-5)","background-image":"","background-repeat":"repeat","background-position":"center center","background-size":"auto","background-attachment":"scroll","background-type":"","background-media":"","overlay-type":"","overlay-color":"","overlay-opacity":"","overlay-gradient":""},"mobile":{"background-color":"var(--ast-global-color-5)","background-image":"","background-repeat":"repeat","background-position":"center center","background-size":"auto","background-attachment":"scroll","background-type":"","background-media":"","overlay-type":"","overlay-color":"","overlay-opacity":"","overlay-gradient":""}}},"product_brand":[],"product_cat":[33],"product_tag":[61,62,63,64,65,66,67,77,68,69,72,73,76,70,74,71,75,78],"class_list":{"0":"post-5786","1":"product","2":"type-product","3":"status-publish","4":"has-post-thumbnail","6":"product_cat-nembutal","7":"product_tag-best-place-to-buy-nembutal-powder","8":"product_tag-best-place-to-buy-nembutal-powder-without-prescription","9":"product_tag-buy-nembutal-for-euthanasia","10":"product_tag-buy-nembutal-powder-online","11":"product_tag-buy-nembutal-powder-without-prescription","12":"product_tag-ger-nembutal-powder","13":"product_tag-high-quality-nembutal-for-sale-at-affordable-price","14":"product_tag-lieferanten-von-nembutal","15":"product_tag-nembutal-for-sale","16":"product_tag-nembutal-powder-for-sale","17":"product_tag-nembutal-powder-buy","18":"product_tag-nembutal-pulver-bestellen","19":"product_tag-nembutal-pulver-kaufen","20":"product_tag-nembutal-pulver-online","21":"product_tag-nembutal-pulver-online-kaufen","22":"product_tag-nembutal-pulver-zu-kaufen","23":"product_tag-nembutal-pulver-zu-verkaufen","24":"product_tag-wo-kann-ich-nembutal-pulver-kaufen","25":"desktop-align-left","26":"tablet-align-left","27":"mobile-align-left","29":"first","30":"instock","31":"shipping-taxable","32":"purchasable","33":"product-type-variable","34":"has-default-attributes"},"aioseo_notices":[],"_links":{"self":[{"href":"https:\/\/nembutalkaufen.com\/fr\/wp-json\/wp\/v2\/product\/5786","targetHints":{"allow":["GET"]}}],"collection":[{"href":"https:\/\/nembutalkaufen.com\/fr\/wp-json\/wp\/v2\/product"}],"about":[{"href":"https:\/\/nembutalkaufen.com\/fr\/wp-json\/wp\/v2\/types\/product"}],"replies":[{"embeddable":true,"href":"https:\/\/nembutalkaufen.com\/fr\/wp-json\/wp\/v2\/comments?post=5786"}],"wp:featuredmedia":[{"embeddable":true,"href":"https:\/\/nembutalkaufen.com\/fr\/wp-json\/wp\/v2\/media\/6036"}],"wp:attachment":[{"href":"https:\/\/nembutalkaufen.com\/fr\/wp-json\/wp\/v2\/media?parent=5786"}],"wp:term":[{"taxonomy":"product_brand","embeddable":true,"href":"https:\/\/nembutalkaufen.com\/fr\/wp-json\/wp\/v2\/product_brand?post=5786"},{"taxonomy":"product_cat","embeddable":true,"href":"https:\/\/nembutalkaufen.com\/fr\/wp-json\/wp\/v2\/product_cat?post=5786"},{"taxonomy":"product_tag","embeddable":true,"href":"https:\/\/nembutalkaufen.com\/fr\/wp-json\/wp\/v2\/product_tag?post=5786"}],"curies":[{"name":"wp","href":"https:\/\/api.w.org\/{rel}","templated":true}]}}