{"id":5755,"date":"2023-01-11T00:46:38","date_gmt":"2023-01-11T00:46:38","guid":{"rendered":"https:\/\/nembutalkaufen.com\/?post_type=product&#038;p=5755"},"modified":"2025-10-16T21:44:32","modified_gmt":"2025-10-16T21:44:32","slug":"nembutal-pillen","status":"publish","type":"product","link":"https:\/\/nembutalkaufen.com\/it\/product\/pillole-di-nembutal\/","title":{"rendered":"Pillole di Nembutal"},"content":{"rendered":"<h1>\u00a0 \u00a0 \u00a0 \u00a0 \u00a0 \u00a0 \u00a0 \u00a0 \u00a0 \u00a0 \u00a0 <strong>\u00a0 Pillole di Nembutal<\/strong><\/h1>\n<p>Nembutal Pills , A comprare nembutal \u00e8 ora possibile effettuare un ordine per acquistare compresse Nembutal e usarli a vostro vantaggio per la vostra forma fisica. Prenderemo le informazioni del vostro ordine in attenzione e spedire l'identico al vostro posto di vacanza detto correttamente. Collegatevi con noi oggi e acquistate le compresse di Nembutal sul mercato a prezzi meno costosi.<\/p>\n<p>Con la nostra popolarit\u00e0 estremamente buona withinside l'industria, stiamo trasportando Nembutal compresse in un modo particolare. Compiamo un gadget di trasporto breve e liscia per i nostri clienti per garantire che essi ricevono l'ordine nel pi\u00f9 breve tempo possibile. Ci sforziamo costantemente il nostro grande, ora non fare i nostri clienti guardare avanti per il loro trasporto del prodotto.<\/p>\n<p>Essendo una farmacia online specializzata, difficilmente tralasciamo un fattore o un dettaglio che ci preoccupi quando si tratta di un trasporto pulito dei prodotti. Il nostro gruppo monitora l'intero processo ogni giorno per assicurarsi che nulla venga tralasciato. Abbiamo bisogno che i nostri preziosi clienti ottengano il meglio per la loro forma fisica.<\/p>\n<h2>Qual \u00e8 il ruolo delle pillole di Nembutal nella vita delle persone?<\/h2>\n<p>Per cominciare, le pillole di Nembutal non sono semplicemente un farmaco a caso che non pu\u00f2 essere venduto da un dispensario o da una farmacia nelle vicinanze. Si tratta di un farmaco di alto livello che viene utilizzato come narcotico per rimediare alla privazione del sonno all'interno delle persone. Negli ospedali e nelle cliniche scientifiche, i medici e i chirurghi usano le pillole di Nembutal per far dormire i pazienti, in modo da poter procedere con la procedura scientifica.<\/p>\n<p>Inoltre, quando si dispone di qualsiasi uso di pillole Nembutal, allora si potrebbe agganciare con il dispensario pinnacle on line withinside il internazionale on line questo \u00e8 Nembutal Buy. Qui, si pu\u00f2 ottenere l'alto-soddisfacente di tutta la cosa. Comunicare con noi ora!<\/p>\n<p>Qual \u00e8 il sito web pi\u00f9 sicuro per fare acquisti online?<br \/>\nInnanzitutto, non siate timidi! Il nostro negozio on line di Nembutal \u00e8 sicuramente sicuro, Nembutal buy vi presenta il pi\u00f9 alto fornitore di prima qualit\u00e0 e vi consegna i vostri farmaci in un pacchetto discreto. Questo \u00e8 uno dei luoghi pi\u00f9 soddisfacenti per acquistare i farmaci Nembutal, in quanto possono avere un prezzo ragionevole e un'ottima qualit\u00e0.<\/p>\n<p>Inoltre, i nostri farmaci Nembutal sono il modo pi\u00f9 rapido, semplice e indolore per dedicarsi al suicidio. Inoltre, possono essere utilizzati da chiunque voglia togliersi la vita a casa. Ordinate ora i farmaci a base di nembutal e ottenete il vostro pacchetto suicida senza problemi, contenente tutto ci\u00f2 che desiderate per rinunciare a tutto in meno di tre minuti.<\/p>\n<p>Infine, siete alla ricerca di pillole di Nembutal in vendita? Siamo il luogo ideale per ottenere le pillole di Nembutal in vendita. L'alta qualit\u00e0 delle pillole di Nembutal da avere on line \u00e8 qui a vostra disposizione su Nembutal Buy.<\/p>","protected":false},"excerpt":{"rendered":"<p>Acquistare Nembutal \u00e8 ora disponibile sul sito web. Inserite i dettagli del vostro ordine per acquistare butabarbital sodico 50 mg compresse sul nostro sito web legittimo seguito dal prezzo per lo stesso. Una volta effettuato l'ordine, questo sar\u00e0 pronto nel periodo di tempo specificato. Effettuate l'ordine oggi stesso!<\/p>","protected":false},"featured_media":6039,"comment_status":"open","ping_status":"closed","template":"","meta":{"om_disable_all_campaigns":false,"site-sidebar-layout":"default","site-content-layout":"default","ast-site-content-layout":"default","site-content-style":"default","site-sidebar-style":"default","ast-global-header-display":"","ast-banner-title-visibility":"","ast-main-header-display":"","ast-hfb-above-header-display":"","ast-hfb-below-header-display":"","ast-hfb-mobile-header-display":"","site-post-title":"","ast-breadcrumbs-content":"","ast-featured-img":"","footer-sml-layout":"","theme-transparent-header-meta":"default","adv-header-id-meta":"","stick-header-meta":"","header-above-stick-meta":"","header-main-stick-meta":"","header-below-stick-meta":"","astra-migrate-meta-layouts":"set","ast-page-background-enabled":"default","ast-page-background-meta":{"desktop":{"background-color":"","background-image":"","background-repeat":"repeat","background-position":"center center","background-size":"auto","background-attachment":"scroll","background-type":"","background-media":"","overlay-type":"","overlay-color":"","overlay-opacity":"","overlay-gradient":""},"tablet":{"background-color":"","background-image":"","background-repeat":"repeat","background-position":"center center","background-size":"auto","background-attachment":"scroll","background-type":"","background-media":"","overlay-type":"","overlay-color":"","overlay-opacity":"","overlay-gradient":""},"mobile":{"background-color":"","background-image":"","background-repeat":"repeat","background-position":"center center","background-size":"auto","background-attachment":"scroll","background-type":"","background-media":"","overlay-type":"","overlay-color":"","overlay-opacity":"","overlay-gradient":""}},"ast-content-background-meta":{"desktop":{"background-color":"var(--ast-global-color-5)","background-image":"","background-repeat":"repeat","background-position":"center center","background-size":"auto","background-attachment":"scroll","background-type":"","background-media":"","overlay-type":"","overlay-color":"","overlay-opacity":"","overlay-gradient":""},"tablet":{"background-color":"var(--ast-global-color-5)","background-image":"","background-repeat":"repeat","background-position":"center center","background-size":"auto","background-attachment":"scroll","background-type":"","background-media":"","overlay-type":"","overlay-color":"","overlay-opacity":"","overlay-gradient":""},"mobile":{"background-color":"var(--ast-global-color-5)","background-image":"","background-repeat":"repeat","background-position":"center center","background-size":"auto","background-attachment":"scroll","background-type":"","background-media":"","overlay-type":"","overlay-color":"","overlay-opacity":"","overlay-gradient":""}}},"product_brand":[],"product_cat":[33],"product_tag":[41,35,36,34,42,44,37,39,38,40,43,45],"class_list":{"0":"post-5755","1":"product","2":"type-product","3":"status-publish","4":"has-post-thumbnail","6":"product_cat-nembutal","7":"product_tag-bestellen-nembutal-pillen-online","8":"product_tag-butabarbital-natrium-50-mg-tabletten-zu-den-besten-preisen-kaufen","9":"product_tag-butabarbital-tabletten-online-ohne-rezept-kaufen","10":"product_tag-butabarbital-tabletten-zu-verkaufen","11":"product_tag-der-beste-ort","12":"product_tag-der-beste-weg","13":"product_tag-kaufen-nembutal-pillen-online","14":"product_tag-nembutal-pillen-online-kaufen","15":"product_tag-nembutal-pillen-zum-verkauf","16":"product_tag-online-nembutal-pillen","17":"product_tag-um-nembutal-pillen-online-zu-kaufen","18":"product_tag-wo-kaufen-nembutal-pillen","19":"desktop-align-left","20":"tablet-align-left","21":"mobile-align-left","23":"first","24":"instock","25":"shipping-taxable","26":"purchasable","27":"product-type-variable"},"aioseo_notices":[],"_links":{"self":[{"href":"https:\/\/nembutalkaufen.com\/it\/wp-json\/wp\/v2\/product\/5755","targetHints":{"allow":["GET"]}}],"collection":[{"href":"https:\/\/nembutalkaufen.com\/it\/wp-json\/wp\/v2\/product"}],"about":[{"href":"https:\/\/nembutalkaufen.com\/it\/wp-json\/wp\/v2\/types\/product"}],"replies":[{"embeddable":true,"href":"https:\/\/nembutalkaufen.com\/it\/wp-json\/wp\/v2\/comments?post=5755"}],"wp:featuredmedia":[{"embeddable":true,"href":"https:\/\/nembutalkaufen.com\/it\/wp-json\/wp\/v2\/media\/6039"}],"wp:attachment":[{"href":"https:\/\/nembutalkaufen.com\/it\/wp-json\/wp\/v2\/media?parent=5755"}],"wp:term":[{"taxonomy":"product_brand","embeddable":true,"href":"https:\/\/nembutalkaufen.com\/it\/wp-json\/wp\/v2\/product_brand?post=5755"},{"taxonomy":"product_cat","embeddable":true,"href":"https:\/\/nembutalkaufen.com\/it\/wp-json\/wp\/v2\/product_cat?post=5755"},{"taxonomy":"product_tag","embeddable":true,"href":"https:\/\/nembutalkaufen.com\/it\/wp-json\/wp\/v2\/product_tag?post=5755"}],"curies":[{"name":"wp","href":"https:\/\/api.w.org\/{rel}","templated":true}]}}