{"id":5764,"date":"2023-01-11T01:58:27","date_gmt":"2023-01-11T01:58:27","guid":{"rendered":"https:\/\/nembutalkaufen.com\/?post_type=product&#038;p=5764"},"modified":"2026-03-15T07:44:52","modified_gmt":"2026-03-15T07:44:52","slug":"nembutal-kapseln-online-kaufen","status":"publish","type":"product","link":"https:\/\/nembutalkaufen.com\/it\/product\/nembutal-capsule-acquistare-online\/","title":{"rendered":"Acquistare le capsule di Nembutal online"},"content":{"rendered":"<p>Siete alla ricerca di una farmacia online affidabile ed esperta che vi permetta di acquistare le capsule di Nembutal online a un buon prezzo? Se s\u00ec, allora siete sicuramente giunti nel posto giusto. Siamo una farmacia online diagnosticato riconosciuto sotto la reputazione di acquistare Nembutal. Essendo il vettore fine e fornitore withinside il mercato online, abbiamo guadagnato un certo numero di clienti fedeli che frequentemente l'acquisto per capsule Nembutal dalla nostra farmacia online.<\/p>\n<p>Anche se acquistate le capsule di Nembutal per la prima volta dalla nostra farmacia online, non preoccupatevi. Da noi otterrete il meglio. Siamo sempre qui per aiutarvi a comprare le capsule di Nembutal online in modo conveniente. Stiamo seguendo i requisiti aziendali giusti e fornire ai nostri clienti con la loro merce withinside lo stesso modo. Con l'aiuto della nostra farmacia online, nessun compromesso \u00e8 fatto sulla qualit\u00e0, l'imballaggio o la spedizione di capsule Nembutal. Se avete intenzione di acquistare capsule Nembutal, quindi contattare noi in questi giorni e ottenere le vostre esigenze soddisfatte in un periodo rapido.<\/p>\n<p>Perch\u00e9 scegliere di acquistare Nembutal \u00e8 la decisione migliore per acquistare le capsule di Nembutal?<br \/>\nSe avete bisogno di capsule Nembutal in un modo unico con belle recensioni e breve struttura di spedizione, allora optando per noi \u00e8 sempre la preferenza fine. Nembutal comprare vende le belle capsule Nembutal a basso costo in tutto il mondo. Un punto che ci mantiene sulla strada giusta \u00e8 il fatto che ora non usiamo intermediari nel nostro processo di transazione. Parliamo con i clienti immediatamente e soddisfiamo il loro ordine in modo tempestivo.<\/p>\n<p>Inoltre, per operare in questo campo per un periodo prolungato di tempo, siamo stati favoriti con l'aiuto di utilizzare i nostri clienti withinside la forma di alta qualit\u00e0 critiche e feedback. Il nostro gruppo garantisce che Nembutal capsule sta raggiungendo i clienti in modo sicuro e stabile. Inoltre, con ogni prodotto, forniamo una serie di comandi associati. Questi comandi vi aiuteranno a manipolare la vostra droga medicinale su Nembutal Capsule in modo completo.<\/p>\n<p>Infine, le nostre offerte di prima classe sono sempre disponibili per voi. Con il supporto della nostra farmacia online, potete anche ottenere ulteriori statistiche sui farmaci in capsule Nembutal. In passato, le persone avevano difficolt\u00e0 ad acquistare le capsule di Nembutal. Ma con lo sviluppo del tempo, la nostra farmacia online \u00e8 arrivata con i prodotti Nembutal. Dovreste acquistarli in qualsiasi momento e in qualsiasi luogo.<\/p>\n<p>Maggiori informazioni sulle capsule di Nembutal<br \/>\nPer cominciare, il Nembutal \u00e8 una forma di farmaco che viene solitamente utilizzata come sedativo per aiutare una persona in difficolt\u00e0 ad addormentarsi. Pu\u00f2 anche essere usato per trattare le crisi epilettiche che possono manifestarsi quando una persona ha un tumore alla mente. Pu\u00f2 anche essere usato per trattare i segni del morbo di Parkinson e l'astinenza da farmaci.<\/p>\n<p>Inoltre, i farmaci Nembutal sono utilizzati negli Stati Uniti per eseguire la pena di morte e sono stati classificati come sedativi di prima linea in India. Questi farmaci sono utilizzati anche nel suicidio assistito, dove forniscono una morte non violenta ai malati terminali che preferiscono smettere di lottare ed essere tenuti in vita contro la loro volont\u00e0.<\/p>\n<p>Una delle compresse pi\u00f9 famose utilizzate per l'eutanasia, il Nembutal \u00e8 diventato molto difficile da reperire in farmacia negli ultimi anni. Buy Nembutal \u00e8 qui per cambiare le cose. Offriamo una vasta gamma di prodotti con farmaci Nembutal, polvere Nembutal e altre famose compresse per l'eutanasia. Siamo noti per la fornitura di prodotti di prima qualit\u00e0 a prezzi molto convenienti.<\/p>\n<p>Alta qualit\u00e0 della merce<br \/>\nIn primo luogo, i nostri farmaci Nembutal sono di prima classe. Offriamo la migliore qualit\u00e0 e i nostri farmaci sono testati per essere 100% naturali, con la massima qualit\u00e0 come nessun altro. Offriamo una vasta gamma di lunghezze diverse per soddisfare le vostre esigenze, in modo da poter ottenere le migliori recensioni di sempre.<\/p>\n<p>Anche in questo caso, vi forniamo i migliori farmaci nembutal in vendita. I farmaci sono unici nel loro genere e possono essere acquistati online senza alcuna difficolt\u00e0. Vi assicuriamo che potrete ottenere il farmaco desiderato in tempo e con facilit\u00e0, quindi vale davvero la pena di fare acquisti sul nostro sito!<\/p>\n<p>Il Nembutal \u00e8 pi\u00f9 indicato per l'eutanasia e per le persone che vogliono porre fine alla propria vita. Viene utilizzato anche dai veterinari per l'eutanasia di animali affetti da malattie incurabili. Offriamo una dose unica di farmaco Nembutal. Abbiamo 30 mg, 60 mg e 100 mg.<\/p>","protected":false},"excerpt":{"rendered":"<p>Buy nembutal offre compresse di nembutal in vendita per la consegna tempestiva nell'area da voi indicata. Controllate i dettagli della quantit\u00e0 e procedete con l'ordine<\/p>","protected":false},"featured_media":6038,"comment_status":"open","ping_status":"closed","template":"","meta":{"om_disable_all_campaigns":false,"site-sidebar-layout":"default","site-content-layout":"default","ast-site-content-layout":"default","site-content-style":"default","site-sidebar-style":"default","ast-global-header-display":"","ast-banner-title-visibility":"","ast-main-header-display":"","ast-hfb-above-header-display":"","ast-hfb-below-header-display":"","ast-hfb-mobile-header-display":"","site-post-title":"","ast-breadcrumbs-content":"","ast-featured-img":"","footer-sml-layout":"","theme-transparent-header-meta":"default","adv-header-id-meta":"","stick-header-meta":"","header-above-stick-meta":"","header-main-stick-meta":"","header-below-stick-meta":"","astra-migrate-meta-layouts":"set","ast-page-background-enabled":"default","ast-page-background-meta":{"desktop":{"background-color":"","background-image":"","background-repeat":"repeat","background-position":"center center","background-size":"auto","background-attachment":"scroll","background-type":"","background-media":"","overlay-type":"","overlay-color":"","overlay-opacity":"","overlay-gradient":""},"tablet":{"background-color":"","background-image":"","background-repeat":"repeat","background-position":"center center","background-size":"auto","background-attachment":"scroll","background-type":"","background-media":"","overlay-type":"","overlay-color":"","overlay-opacity":"","overlay-gradient":""},"mobile":{"background-color":"","background-image":"","background-repeat":"repeat","background-position":"center center","background-size":"auto","background-attachment":"scroll","background-type":"","background-media":"","overlay-type":"","overlay-color":"","overlay-opacity":"","overlay-gradient":""}},"ast-content-background-meta":{"desktop":{"background-color":"var(--ast-global-color-5)","background-image":"","background-repeat":"repeat","background-position":"center center","background-size":"auto","background-attachment":"scroll","background-type":"","background-media":"","overlay-type":"","overlay-color":"","overlay-opacity":"","overlay-gradient":""},"tablet":{"background-color":"var(--ast-global-color-5)","background-image":"","background-repeat":"repeat","background-position":"center center","background-size":"auto","background-attachment":"scroll","background-type":"","background-media":"","overlay-type":"","overlay-color":"","overlay-opacity":"","overlay-gradient":""},"mobile":{"background-color":"var(--ast-global-color-5)","background-image":"","background-repeat":"repeat","background-position":"center center","background-size":"auto","background-attachment":"scroll","background-type":"","background-media":"","overlay-type":"","overlay-color":"","overlay-opacity":"","overlay-gradient":""}}},"product_brand":[],"product_cat":[33],"product_tag":[46,53,47,48,49,55,56,58,59,57,50,51,54,52,60],"class_list":{"0":"post-5764","1":"product","2":"type-product","3":"status-publish","4":"has-post-thumbnail","6":"product_cat-nembutal","7":"product_tag-best-place-to-buy-nembutal-capsules-online","8":"product_tag-bester-ort","9":"product_tag-buy-nembutal-capsules-online","10":"product_tag-high-quality-nembutal-capsules-for-sale","11":"product_tag-nembutal-capsules-for-sale","12":"product_tag-nembutal-ohne-rezept-kaufen","13":"product_tag-nembutal-tabletten-kaufen","14":"product_tag-nembutal-tabletten-online","15":"product_tag-nembutal-tabletten-zu-kaufen","16":"product_tag-nembutal-tabletten-zum-verkauf","17":"product_tag-order-nembutal-capsules-online","18":"product_tag-purchase-nembutal-capsules","19":"product_tag-um-nembutal-tabletten-online-zu-kaufen","20":"product_tag-where-to-buy-nembutal-capsules","21":"product_tag-wo-kann-man-nembutal-tabletten-kaufen","22":"desktop-align-left","23":"tablet-align-left","24":"mobile-align-left","26":"first","27":"instock","28":"shipping-taxable","29":"purchasable","30":"product-type-variable"},"aioseo_notices":[],"_links":{"self":[{"href":"https:\/\/nembutalkaufen.com\/it\/wp-json\/wp\/v2\/product\/5764","targetHints":{"allow":["GET"]}}],"collection":[{"href":"https:\/\/nembutalkaufen.com\/it\/wp-json\/wp\/v2\/product"}],"about":[{"href":"https:\/\/nembutalkaufen.com\/it\/wp-json\/wp\/v2\/types\/product"}],"replies":[{"embeddable":true,"href":"https:\/\/nembutalkaufen.com\/it\/wp-json\/wp\/v2\/comments?post=5764"}],"wp:featuredmedia":[{"embeddable":true,"href":"https:\/\/nembutalkaufen.com\/it\/wp-json\/wp\/v2\/media\/6038"}],"wp:attachment":[{"href":"https:\/\/nembutalkaufen.com\/it\/wp-json\/wp\/v2\/media?parent=5764"}],"wp:term":[{"taxonomy":"product_brand","embeddable":true,"href":"https:\/\/nembutalkaufen.com\/it\/wp-json\/wp\/v2\/product_brand?post=5764"},{"taxonomy":"product_cat","embeddable":true,"href":"https:\/\/nembutalkaufen.com\/it\/wp-json\/wp\/v2\/product_cat?post=5764"},{"taxonomy":"product_tag","embeddable":true,"href":"https:\/\/nembutalkaufen.com\/it\/wp-json\/wp\/v2\/product_tag?post=5764"}],"curies":[{"name":"wp","href":"https:\/\/api.w.org\/{rel}","templated":true}]}}