{"id":5780,"date":"2023-01-11T02:19:56","date_gmt":"2023-01-11T02:19:56","guid":{"rendered":"https:\/\/nembutalkaufen.com\/?post_type=product&#038;p=5780"},"modified":"2026-01-31T02:16:47","modified_gmt":"2026-01-31T02:16:47","slug":"nembutal-flussig-zum-einnehmen","status":"publish","type":"product","link":"https:\/\/nembutalkaufen.com\/it\/product\/nembutal-che-fluisce-da-assumere\/","title":{"rendered":"Nembutal liquido per uso orale"},"content":{"rendered":"<h1><span style=\"vertical-align: inherit;\"><span style=\"vertical-align: inherit;\">\u00a0 \u00a0 \u00a0 \u00a0 \u00a0Nembutal liquido per uso orale e per iniezione<\/span><\/span><\/h1>\n<p>&nbsp;<\/p>\n<p><span style=\"vertical-align: inherit;\"><span style=\"vertical-align: inherit;\">Pentobarbital sodico \u00e8 disponibile come soluzione orale per l'uomo con il nome di Nembutal. Pu\u00f2 essere somministrato da professionisti esperti in ospedali e cliniche o a domicilio. Ha l'effetto collaterale di provocare una sensazione di sonnolenza, ma non dovrebbe causare vuoti di memoria o perdita di memoria.<\/span><\/span><\/p>\n<p><span style=\"vertical-align: inherit;\"><span style=\"vertical-align: inherit;\">Il Nembutal Oral Liquid, acquistato in forma liquida, contiene pentobarbital di sodio. Quando viene disciolto in acqua, agisce come sedativo o induttore del sonno. Il Nembutal \u00e8 utilizzato anche per trattare le crisi epilettiche in alcuni pazienti. Il nembutal viene tipicamente prescritto per il trattamento dell'insonnia negli anziani, in combinazione con altri farmaci o in pazienti che richiedono una sedazione continua. Il nembutal pu\u00f2 provocare sonnolenza, vertigini, stordimento, perdita temporanea della memoria, eloquio confuso e sonnolenza diurna.<\/span><\/span><\/p>\n<p><span style=\"vertical-align: inherit;\"><span style=\"vertical-align: inherit;\">Il Nembutal \u00e8 un sedativo a breve termine comunemente usato che pu\u00f2 essere acquistato sotto forma di liquido, pillola o compressa. La versione liquida orale di questo farmaco si chiama Nembutal - Liquido orale ed \u00e8 insapore, il che lo rende facile da deglutire. Questa forma di dosaggio orale del Nembutal consente inoltre ai medici di prescrivere il farmaco esattamente quando e dove il paziente lo desidera.<\/span><\/span><\/p>\n<p><span style=\"vertical-align: inherit;\"><span style=\"vertical-align: inherit;\">Il Nembutal agisce rapidamente, attraversando la barriera emato-spirituale, per cui non provoca pi\u00f9 eccessiva sonnolenza. Agisce rapidamente per ridurre l'attivit\u00e0 convulsiva e pu\u00f2 essere somministrato per iniezione o immediatamente nello stomaco. Il Nembutal pu\u00f2 causare effetti collaterali eccessivi come mal di stomaco, nausea, bruciore di stomaco, rallentamento della respirazione, confusione, allucinazioni, abbassamento della pressione sanguigna (ipotensione), abbassamento della glicemia (ipoglicemia), insufficienza renale, battito cardiaco accelerato o anormalmente lento (aritmia), iperattivit\u00e0 (agitazione) e respirazione anomala.<\/span><\/span><\/p>\n<p><span style=\"vertical-align: inherit;\"><span style=\"vertical-align: inherit;\">Offriamo un'ampia gamma di forme di dosaggio del Nembutal, tra cui Nembutal liquido orale, Nembutal in polvere, Nembutal in pillole e Nembutal in soluzione iniettabile, oltre alla consegna a domicilio.<\/span><\/span><\/p>\n<p><span style=\"vertical-align: inherit;\"><span style=\"vertical-align: inherit;\">Perch\u00e9 acquistare pentobarbital online da noi? <\/span><\/span><br \/>\n<span style=\"vertical-align: inherit;\"><span style=\"vertical-align: inherit;\">Il nostro Nembutal liquido offre il vantaggio di portare questo barbiturico sempre con s\u00e9, senza doversi preoccupare di conservare liquidi o di fare esercizio. 1 ml di liquido equivale a circa 1 barbiturico, consentendo una forte sedazione per un uso a breve termine. Il Nembutal pu\u00f2 essere utilizzato per via topica (sulla pelle) per alleviare a breve termine i segni e i sintomi di prurito o infiammazione. Pu\u00f2 anche essere assunto per via orale; tuttavia, non deve essere utilizzato per la gestione del dolore, poich\u00e9 un sovradosaggio pu\u00f2 portare a morte, insufficienza epatica, depressione respiratoria, coma o arresto respiratorio.<\/span><\/span><\/p>\n<p><span style=\"vertical-align: inherit;\"><span style=\"vertical-align: inherit;\">Sappiamo che \u00e8 una vera seccatura tenere traccia di tutti i farmaci che si assumono: per questo abbiamo reso le cose pi\u00f9 semplici. Tenere un registro dei farmaci assunti e di ci\u00f2 che si sta facendo consente a tutti i medici di verificare il suo stato di salute. Il Nembutal pu\u00f2 avere effetti collaterali gravi o talvolta fatali.<\/span><\/span><\/p>\n<p><span style=\"vertical-align: inherit;\"><span style=\"vertical-align: inherit;\">Siamo qui per aiutarvi a ottenere i vostri farmaci, accelerarli o reindirizzarli. Vi faremo avere i vostri farmaci in modo sicuro e conveniente. Acquistate il pentobarbital online da noi in modo economico.<\/span><\/span><\/p>\n<p><span style=\"vertical-align: inherit;\"><span style=\"vertical-align: inherit;\">Un tempo era cos\u00ec difficile procurarsi i farmaci senza far lievitare il prezzo. Ora non \u00e8 pi\u00f9 cos\u00ec. Abbiamo fatto in modo che i vostri farmaci siano consegnati correttamente e rapidamente, e a un prezzo ragionevole. Acquistate il pentobarbital online da noi in modo economico.<\/span><\/span><\/p>","protected":false},"excerpt":{"rendered":"<p><span style=\"vertical-align: inherit;\"><span style=\"vertical-align: inherit;\">Acquistare pentobarbital liquido online. Il pentobarbital sodico \u00e8 disponibile come soluzione orale con il nome commerciale Nembutal. Pu\u00f2 essere somministrato da professionisti qualificati in ospedali e cliniche o a domicilio.<\/span><\/span><\/p>","protected":false},"featured_media":6041,"comment_status":"open","ping_status":"closed","template":"","meta":{"om_disable_all_campaigns":false,"site-sidebar-layout":"default","site-content-layout":"default","ast-site-content-layout":"default","site-content-style":"default","site-sidebar-style":"default","ast-global-header-display":"","ast-banner-title-visibility":"","ast-main-header-display":"","ast-hfb-above-header-display":"","ast-hfb-below-header-display":"","ast-hfb-mobile-header-display":"","site-post-title":"","ast-breadcrumbs-content":"","ast-featured-img":"","footer-sml-layout":"","theme-transparent-header-meta":"default","adv-header-id-meta":"","stick-header-meta":"","header-above-stick-meta":"","header-main-stick-meta":"","header-below-stick-meta":"","astra-migrate-meta-layouts":"set","ast-page-background-enabled":"default","ast-page-background-meta":{"desktop":{"background-color":"","background-image":"","background-repeat":"repeat","background-position":"center center","background-size":"auto","background-attachment":"scroll","background-type":"","background-media":"","overlay-type":"","overlay-color":"","overlay-opacity":"","overlay-gradient":""},"tablet":{"background-color":"","background-image":"","background-repeat":"repeat","background-position":"center center","background-size":"auto","background-attachment":"scroll","background-type":"","background-media":"","overlay-type":"","overlay-color":"","overlay-opacity":"","overlay-gradient":""},"mobile":{"background-color":"","background-image":"","background-repeat":"repeat","background-position":"center center","background-size":"auto","background-attachment":"scroll","background-type":"","background-media":"","overlay-type":"","overlay-color":"","overlay-opacity":"","overlay-gradient":""}},"ast-content-background-meta":{"desktop":{"background-color":"var(--ast-global-color-5)","background-image":"","background-repeat":"repeat","background-position":"center center","background-size":"auto","background-attachment":"scroll","background-type":"","background-media":"","overlay-type":"","overlay-color":"","overlay-opacity":"","overlay-gradient":""},"tablet":{"background-color":"var(--ast-global-color-5)","background-image":"","background-repeat":"repeat","background-position":"center center","background-size":"auto","background-attachment":"scroll","background-type":"","background-media":"","overlay-type":"","overlay-color":"","overlay-opacity":"","overlay-gradient":""},"mobile":{"background-color":"var(--ast-global-color-5)","background-image":"","background-repeat":"repeat","background-position":"center center","background-size":"auto","background-attachment":"scroll","background-type":"","background-media":"","overlay-type":"","overlay-color":"","overlay-opacity":"","overlay-gradient":""}}},"product_brand":[],"product_cat":[33],"product_tag":[],"class_list":{"0":"post-5780","1":"product","2":"type-product","3":"status-publish","4":"has-post-thumbnail","6":"product_cat-nembutal","7":"desktop-align-left","8":"tablet-align-left","9":"mobile-align-left","11":"first","12":"instock","13":"shipping-taxable","14":"purchasable","15":"product-type-variable"},"aioseo_notices":[],"_links":{"self":[{"href":"https:\/\/nembutalkaufen.com\/it\/wp-json\/wp\/v2\/product\/5780","targetHints":{"allow":["GET"]}}],"collection":[{"href":"https:\/\/nembutalkaufen.com\/it\/wp-json\/wp\/v2\/product"}],"about":[{"href":"https:\/\/nembutalkaufen.com\/it\/wp-json\/wp\/v2\/types\/product"}],"replies":[{"embeddable":true,"href":"https:\/\/nembutalkaufen.com\/it\/wp-json\/wp\/v2\/comments?post=5780"}],"wp:featuredmedia":[{"embeddable":true,"href":"https:\/\/nembutalkaufen.com\/it\/wp-json\/wp\/v2\/media\/6041"}],"wp:attachment":[{"href":"https:\/\/nembutalkaufen.com\/it\/wp-json\/wp\/v2\/media?parent=5780"}],"wp:term":[{"taxonomy":"product_brand","embeddable":true,"href":"https:\/\/nembutalkaufen.com\/it\/wp-json\/wp\/v2\/product_brand?post=5780"},{"taxonomy":"product_cat","embeddable":true,"href":"https:\/\/nembutalkaufen.com\/it\/wp-json\/wp\/v2\/product_cat?post=5780"},{"taxonomy":"product_tag","embeddable":true,"href":"https:\/\/nembutalkaufen.com\/it\/wp-json\/wp\/v2\/product_tag?post=5780"}],"curies":[{"name":"wp","href":"https:\/\/api.w.org\/{rel}","templated":true}]}}