{"id":5786,"date":"2023-01-11T02:38:05","date_gmt":"2023-01-11T02:38:05","guid":{"rendered":"https:\/\/nembutalkaufen.com\/?post_type=product&#038;p=5786"},"modified":"2026-03-17T07:25:53","modified_gmt":"2026-03-17T07:25:53","slug":"nembutal-pulver","status":"publish","type":"product","link":"https:\/\/nembutalkaufen.com\/it\/product\/nembutal-in-polvere\/","title":{"rendered":"Nembutal in polvere"},"content":{"rendered":"<h1 style=\"text-align: center;\"><a href=\"https:\/\/nembutalkaufen.com\/fr\/\">Nembutal in polvere<\/a><\/h1>\n<p>&nbsp;<\/p>\n<p>Buy Nembutal \u00e8 una farmacia esperta con trattamenti farmacologici e pillole super da avere all'interno del mercato on line. Se siete inclini a comprare per la polvere Nembutal online dal fornitore di polvere Nembutal superiore, allora la nostra farmacia \u00e8 il posto giusto per farlo. Collegatevi con noi in questi giorni e preparate le vostre necessit\u00e0 in breve tempo. Il farmaco vi arriver\u00e0 nel luogo da voi scelto. Ordinate subito il Nembutal in polvere online ad un prezzo molto conveniente!<\/p>\n<p>Come si pu\u00f2 trarre beneficio dall'uso del Nembutal in polvere?<br \/>\nIl Nembutal in polvere serve a indurre il sonno nei soggetti che soffrono di problemi di sonnellino come l'insonnia o i problemi di sonnellino. Se per caso avete le stesse funzioni da svolgere, allora la scelta giusta \u00e8 quella di acquistare il Nembutal Powder online dalla nostra farmacia online.<\/p>\n<p>Qual \u00e8 il posto giusto per acquistare Nembutal Powder online?<br \/>\nSia che si tratti di un acquirente per la prima volta di Nembutal Powder o di un acquirente di ritorno, Buy Nembutal sar\u00e0 di solito l'ambiente giusto per voi per completare l'acquisto. Con anni di esperienza, comprendiamo la mentalit\u00e0 dei clienti e offriamo loro un servizio in linea con le loro aspettative. I vostri dati e le vostre informazioni personali sono assolutamente al sicuro con noi. Non condividiamo mai queste informazioni con terzi. In questo modo, si pu\u00f2 senza difficolt\u00e0 acquistare Nembutal Powder on line a pagamento altamente soddisfacente da noi.<\/p>\n<p>Di solito sarete avvisati in anticipo da altri quando acquistate dalla nostra farmacia online. Abbiamo guadagnato una variet\u00e0 di clienti abilit\u00e0 nel corso di un lungo periodo di tempo. Se avete bisogno di ottenere il altamente soddisfacente, poi ora non pi\u00f9 su qualsiasi rischio di entrare in contatto con noi.<\/p>\n<p>Comprare il Nembutal per l'eutanasia<br \/>\nPer cominciare, il pentobarbital \u00e8 un farmaco eutanasico che provoca la morte in 15 ore e mezza in dosi di 25 grammi e oltre, a seconda dell'et\u00e0 e del peso. Inoltre, questo \u00e8 il posto migliore per acquistare Nembutal in polvere senza ricetta. Offriamo un servizio onesto, con spedizioni sciolte e imballaggi discreti.<\/p>\n<p>Inoltre, la polvere di Nembutal sul mercato \u00e8 una delle pillole pi\u00f9 famose tra coloro che vogliono suicidarsi, in quanto non ha dolore e conseguenze pericolose sul corpo ed \u00e8 molto pulita da usare. Stiamo offrendo troppo bello Nembutal nel mercato a prezzi pi\u00f9 bassi tassa. Nembutal in polvere sul mercato! Pentobarbital Group \u00e8 uno dei maggiori fornitori di Nembutal al mondo. Probabilmente avete gi\u00e0 visto che sul nostro sito web offriamo una gamma unica. Siamo nel settore da molto tempo e offriamo ai nostri clienti prodotti eccellenti ad un prezzo ragionevole. Fino ad esaurimento scorte, approfittate di questa offerta!<\/p>\n<p>Spedizione del Nembutal<br \/>\nInfine, offriamo un trasporto veloce e discreto in tutto il mondo e forniamo incontri quando necessario. Ma la linea di fondo \u00e8, \u00e8 possibile ordinare la polvere di Nembutal qui a Nembutal Buy nel comfort della vostra casa e smaltirla senza problemi introdotti. Ordinate ora!<\/p>","protected":false},"excerpt":{"rendered":"<p>Inviate il vostro ordine e acquistate la polvere di Nembutal sul mercato a prezzi eccezionali. Qui, uno dei farmaci pi\u00f9 comunemente utilizzati per il suicidio assistito e l'omicidio non forzato \u00e8 la polvere di Nembutal. La polvere di Nembutal pu\u00f2 essere acquistata ad un prezzo conveniente. Ordinate ora e ottenete una spedizione gratuita e sicura!<\/p>","protected":false},"featured_media":6036,"comment_status":"open","ping_status":"closed","template":"","meta":{"om_disable_all_campaigns":false,"site-sidebar-layout":"default","site-content-layout":"default","ast-site-content-layout":"default","site-content-style":"default","site-sidebar-style":"default","ast-global-header-display":"","ast-banner-title-visibility":"","ast-main-header-display":"","ast-hfb-above-header-display":"","ast-hfb-below-header-display":"","ast-hfb-mobile-header-display":"","site-post-title":"","ast-breadcrumbs-content":"","ast-featured-img":"","footer-sml-layout":"","theme-transparent-header-meta":"default","adv-header-id-meta":"","stick-header-meta":"","header-above-stick-meta":"","header-main-stick-meta":"","header-below-stick-meta":"","astra-migrate-meta-layouts":"set","ast-page-background-enabled":"default","ast-page-background-meta":{"desktop":{"background-color":"","background-image":"","background-repeat":"repeat","background-position":"center center","background-size":"auto","background-attachment":"scroll","background-type":"","background-media":"","overlay-type":"","overlay-color":"","overlay-opacity":"","overlay-gradient":""},"tablet":{"background-color":"","background-image":"","background-repeat":"repeat","background-position":"center center","background-size":"auto","background-attachment":"scroll","background-type":"","background-media":"","overlay-type":"","overlay-color":"","overlay-opacity":"","overlay-gradient":""},"mobile":{"background-color":"","background-image":"","background-repeat":"repeat","background-position":"center center","background-size":"auto","background-attachment":"scroll","background-type":"","background-media":"","overlay-type":"","overlay-color":"","overlay-opacity":"","overlay-gradient":""}},"ast-content-background-meta":{"desktop":{"background-color":"var(--ast-global-color-5)","background-image":"","background-repeat":"repeat","background-position":"center center","background-size":"auto","background-attachment":"scroll","background-type":"","background-media":"","overlay-type":"","overlay-color":"","overlay-opacity":"","overlay-gradient":""},"tablet":{"background-color":"var(--ast-global-color-5)","background-image":"","background-repeat":"repeat","background-position":"center center","background-size":"auto","background-attachment":"scroll","background-type":"","background-media":"","overlay-type":"","overlay-color":"","overlay-opacity":"","overlay-gradient":""},"mobile":{"background-color":"var(--ast-global-color-5)","background-image":"","background-repeat":"repeat","background-position":"center center","background-size":"auto","background-attachment":"scroll","background-type":"","background-media":"","overlay-type":"","overlay-color":"","overlay-opacity":"","overlay-gradient":""}}},"product_brand":[],"product_cat":[33],"product_tag":[61,62,63,64,65,66,67,77,68,69,72,73,76,70,74,71,75,78],"class_list":{"0":"post-5786","1":"product","2":"type-product","3":"status-publish","4":"has-post-thumbnail","6":"product_cat-nembutal","7":"product_tag-best-place-to-buy-nembutal-powder","8":"product_tag-best-place-to-buy-nembutal-powder-without-prescription","9":"product_tag-buy-nembutal-for-euthanasia","10":"product_tag-buy-nembutal-powder-online","11":"product_tag-buy-nembutal-powder-without-prescription","12":"product_tag-ger-nembutal-powder","13":"product_tag-high-quality-nembutal-for-sale-at-affordable-price","14":"product_tag-lieferanten-von-nembutal","15":"product_tag-nembutal-for-sale","16":"product_tag-nembutal-powder-for-sale","17":"product_tag-nembutal-powder-buy","18":"product_tag-nembutal-pulver-bestellen","19":"product_tag-nembutal-pulver-kaufen","20":"product_tag-nembutal-pulver-online","21":"product_tag-nembutal-pulver-online-kaufen","22":"product_tag-nembutal-pulver-zu-kaufen","23":"product_tag-nembutal-pulver-zu-verkaufen","24":"product_tag-wo-kann-ich-nembutal-pulver-kaufen","25":"desktop-align-left","26":"tablet-align-left","27":"mobile-align-left","29":"first","30":"instock","31":"shipping-taxable","32":"purchasable","33":"product-type-variable","34":"has-default-attributes"},"aioseo_notices":[],"_links":{"self":[{"href":"https:\/\/nembutalkaufen.com\/it\/wp-json\/wp\/v2\/product\/5786","targetHints":{"allow":["GET"]}}],"collection":[{"href":"https:\/\/nembutalkaufen.com\/it\/wp-json\/wp\/v2\/product"}],"about":[{"href":"https:\/\/nembutalkaufen.com\/it\/wp-json\/wp\/v2\/types\/product"}],"replies":[{"embeddable":true,"href":"https:\/\/nembutalkaufen.com\/it\/wp-json\/wp\/v2\/comments?post=5786"}],"wp:featuredmedia":[{"embeddable":true,"href":"https:\/\/nembutalkaufen.com\/it\/wp-json\/wp\/v2\/media\/6036"}],"wp:attachment":[{"href":"https:\/\/nembutalkaufen.com\/it\/wp-json\/wp\/v2\/media?parent=5786"}],"wp:term":[{"taxonomy":"product_brand","embeddable":true,"href":"https:\/\/nembutalkaufen.com\/it\/wp-json\/wp\/v2\/product_brand?post=5786"},{"taxonomy":"product_cat","embeddable":true,"href":"https:\/\/nembutalkaufen.com\/it\/wp-json\/wp\/v2\/product_cat?post=5786"},{"taxonomy":"product_tag","embeddable":true,"href":"https:\/\/nembutalkaufen.com\/it\/wp-json\/wp\/v2\/product_tag?post=5786"}],"curies":[{"name":"wp","href":"https:\/\/api.w.org\/{rel}","templated":true}]}}