{"id":6176,"date":"2025-07-29T20:35:15","date_gmt":"2025-07-29T20:35:15","guid":{"rendered":"https:\/\/nembutalkaufen.com\/?post_type=product&#038;p=6176"},"modified":"2025-11-26T19:58:33","modified_gmt":"2025-11-26T19:58:33","slug":"brallobarbital-vesparax","status":"publish","type":"product","link":"https:\/\/nembutalkaufen.com\/nl\/product\/brallobarbital-vesparax\/","title":{"rendered":"brallobarbital vesparax"},"content":{"rendered":"<h1>kaufen brallobarbital vesparax online<\/h1>\n<p>kaufen brallobarbital vesparax online ( brallobarbital vesparax kaufen )Was ist Brallobarbital (Vesparax) und wie wird es angewendet? Vesparax wird oft als atypisches Antipsychotikum bezeichnet. Es ver\u00e4ndert die Funktion bestimmter Molek\u00fcle im Gehirn. Dieses Medikament sollte nur von Erwachsenen und nicht von Personen unter 18 Jahren eingenommen werden.<\/p>\n<h3>Vesparax wird in folgenden Bereichen eingesetzt:<\/h3>\n<p>Zur Behandlung von Schizophrenie bei Erwachsenen und Kindern In Kombination mit Antidepressiva zur Behandlung von Patienten mit schweren depressiven St\u00f6rungen Zur Behandlung von bipolaren St\u00f6rungen bei Kindern und Erwachsenen. <a href=\"https:\/\/nembutalkaufen.com\/nl\/\">nembutal<\/a><\/p>\n<h2>Ist es m\u00f6glich Seconal Natrium rezeptfrei oder ohne Rezept zu kaufen?<\/h2>\n<p>Es ist in der Regel nicht m\u00f6glich, Seconal Natrium ohne Rezept in einem seri\u00f6sen Gesch\u00e4ft zu kaufen. In unserem Shop arbeiten jedoch registrierte \u00c4rzte mit Ihnen zusammen, die Ihnen bei der Beschaffung von Rezepten helfen, damit Sie eine Bestellung aufgeben k\u00f6nnen.<\/p>\n<p>Geben Sie einfach Ihre Bestellung auf und geben Sie Ihre Daten korrekt ein, da wir Ihre Daten ben\u00f6tigen, um Ihnen das Rezept auszustellen und Ihnen anschlie\u00dfend das Produkt mit dem Rezept zuzusenden. Wir k\u00f6nnen Sie auch kontaktieren, wenn wir weitere Informationen ben\u00f6tigen. Der Bestellvorgang ist schnell, sicher und wir respektieren die Privatsph\u00e4re unserer Kunden.\u00a0<a href=\"https:\/\/nembutalkaufen.com\/en\/contact\/\">Kontaktieren<\/a> Sie uns f\u00fcr weitere Informationen. Brallobarbital zum Verkauf online ohne Rezept<\/p>","protected":false},"excerpt":{"rendered":"<p>brallobarbital vesparax<\/p>","protected":false},"featured_media":6210,"comment_status":"open","ping_status":"closed","template":"","meta":{"om_disable_all_campaigns":false,"site-sidebar-layout":"default","site-content-layout":"","ast-site-content-layout":"default","site-content-style":"default","site-sidebar-style":"default","ast-global-header-display":"","ast-banner-title-visibility":"","ast-main-header-display":"","ast-hfb-above-header-display":"","ast-hfb-below-header-display":"","ast-hfb-mobile-header-display":"","site-post-title":"","ast-breadcrumbs-content":"","ast-featured-img":"","footer-sml-layout":"","theme-transparent-header-meta":"default","adv-header-id-meta":"","stick-header-meta":"","header-above-stick-meta":"","header-main-stick-meta":"","header-below-stick-meta":"","astra-migrate-meta-layouts":"set","ast-page-background-enabled":"default","ast-page-background-meta":{"desktop":{"background-color":"","background-image":"","background-repeat":"repeat","background-position":"center center","background-size":"auto","background-attachment":"scroll","background-type":"","background-media":"","overlay-type":"","overlay-color":"","overlay-opacity":"","overlay-gradient":""},"tablet":{"background-color":"","background-image":"","background-repeat":"repeat","background-position":"center center","background-size":"auto","background-attachment":"scroll","background-type":"","background-media":"","overlay-type":"","overlay-color":"","overlay-opacity":"","overlay-gradient":""},"mobile":{"background-color":"","background-image":"","background-repeat":"repeat","background-position":"center center","background-size":"auto","background-attachment":"scroll","background-type":"","background-media":"","overlay-type":"","overlay-color":"","overlay-opacity":"","overlay-gradient":""}},"ast-content-background-meta":{"desktop":{"background-color":"var(--ast-global-color-5)","background-image":"","background-repeat":"repeat","background-position":"center center","background-size":"auto","background-attachment":"scroll","background-type":"","background-media":"","overlay-type":"","overlay-color":"","overlay-opacity":"","overlay-gradient":""},"tablet":{"background-color":"var(--ast-global-color-5)","background-image":"","background-repeat":"repeat","background-position":"center center","background-size":"auto","background-attachment":"scroll","background-type":"","background-media":"","overlay-type":"","overlay-color":"","overlay-opacity":"","overlay-gradient":""},"mobile":{"background-color":"var(--ast-global-color-5)","background-image":"","background-repeat":"repeat","background-position":"center center","background-size":"auto","background-attachment":"scroll","background-type":"","background-media":"","overlay-type":"","overlay-color":"","overlay-opacity":"","overlay-gradient":""}}},"product_brand":[],"product_cat":[33],"product_tag":[123,113,112,129,132,117,135,126,122,118,133,128,120,121,130,125,124,116,115,119,134,138,127,114,131,137,136],"class_list":{"0":"post-6176","1":"product","2":"type-product","3":"status-publish","4":"has-post-thumbnail","6":"product_cat-nembutal","7":"product_tag-anwendung-von-brallobarbital","8":"product_tag-beste-stelle","9":"product_tag-bester-billiger-preis-brallobarbital","10":"product_tag-billiges-brallobarbital","11":"product_tag-brallobarbital-bestellen","12":"product_tag-brallobarbital-fluessig","13":"product_tag-brallobarbital-hoechster-qualitaet","14":"product_tag-brallobarbital-kaufen","15":"product_tag-brallobarbital-lieferant","16":"product_tag-brallobarbital-online","17":"product_tag-brallobarbital-online-bestellen","18":"product_tag-brallobarbital-online-kaufen","19":"product_tag-brallobarbital-preis","20":"product_tag-brallobarbital-speichern","21":"product_tag-brallobarbital-von-hoher-qualitaet","22":"product_tag-brallobarbital-weltweit","23":"product_tag-brallobarbital-wiki","24":"product_tag-brallobarbital-zu-verkaufen","25":"product_tag-brallobarbital-zur-reinigung","26":"product_tag-brallobarbital-pulver","27":"product_tag-geschaeft-brallobarbital","28":"product_tag-grosshandel-brallobarbital-bulk-online","29":"product_tag-kaufen-brallobarbital-legal","30":"product_tag-um-brallobarbital-zu-kaufen","31":"product_tag-wie-kann-man-brallobarbital-kaufen","32":"product_tag-wo-kann-man-brallobarbital-bestellen","33":"product_tag-wo-man-brallobarbital-kaufen-kann","34":"desktop-align-left","35":"tablet-align-left","36":"mobile-align-left","38":"first","39":"instock","40":"sale","41":"shipping-taxable","42":"purchasable","43":"product-type-variable"},"aioseo_notices":[],"_links":{"self":[{"href":"https:\/\/nembutalkaufen.com\/nl\/wp-json\/wp\/v2\/product\/6176","targetHints":{"allow":["GET"]}}],"collection":[{"href":"https:\/\/nembutalkaufen.com\/nl\/wp-json\/wp\/v2\/product"}],"about":[{"href":"https:\/\/nembutalkaufen.com\/nl\/wp-json\/wp\/v2\/types\/product"}],"replies":[{"embeddable":true,"href":"https:\/\/nembutalkaufen.com\/nl\/wp-json\/wp\/v2\/comments?post=6176"}],"wp:featuredmedia":[{"embeddable":true,"href":"https:\/\/nembutalkaufen.com\/nl\/wp-json\/wp\/v2\/media\/6210"}],"wp:attachment":[{"href":"https:\/\/nembutalkaufen.com\/nl\/wp-json\/wp\/v2\/media?parent=6176"}],"wp:term":[{"taxonomy":"product_brand","embeddable":true,"href":"https:\/\/nembutalkaufen.com\/nl\/wp-json\/wp\/v2\/product_brand?post=6176"},{"taxonomy":"product_cat","embeddable":true,"href":"https:\/\/nembutalkaufen.com\/nl\/wp-json\/wp\/v2\/product_cat?post=6176"},{"taxonomy":"product_tag","embeddable":true,"href":"https:\/\/nembutalkaufen.com\/nl\/wp-json\/wp\/v2\/product_tag?post=6176"}],"curies":[{"name":"wp","href":"https:\/\/api.w.org\/{rel}","templated":true}]}}