{"id":6182,"date":"2025-07-29T21:34:11","date_gmt":"2025-07-29T21:34:11","guid":{"rendered":"https:\/\/nembutalkaufen.com\/?post_type=product&#038;p=6182"},"modified":"2025-07-29T21:58:43","modified_gmt":"2025-07-29T21:58:43","slug":"kaufen-butabarbital-online","status":"publish","type":"product","link":"https:\/\/nembutalkaufen.com\/nl\/product\/kaufen-butabarbital-online\/","title":{"rendered":"kaufen butabarbital online"},"content":{"rendered":"<h1>kaufen butabarbital online<\/h1>\n<p>kaufen butabarbital online Natriumbutabarbital ist eines der besten Medikamente zur Behandlung von Schlaflosigkeit bei Erwachsenen. Es ist in der Regel eine vor\u00fcbergehende Behandlung. Die Substanz kann medizinisch als Beruhigungsmittel vor Operationen eingesetzt werden.<\/p>\n<h2>Ist es m\u00f6glich Seconal Natrium rezeptfrei oder ohne Rezept zu kaufen?<\/h2>\n<p>Es ist in der Regel nicht m\u00f6glich, Seconal Natrium ohne Rezept in einem seri\u00f6sen Gesch\u00e4ft zu kaufen. In unserem Shop arbeiten jedoch registrierte \u00c4rzte mit Ihnen zusammen, die Ihnen bei der Beschaffung von Rezepten helfen, damit Sie eine Bestellung aufgeben k\u00f6nnen.<\/p>\n<p>Geben Sie einfach Ihre Bestellung auf und geben Sie Ihre Daten korrekt ein, da wir Ihre Daten ben\u00f6tigen, um Ihnen das Rezept auszustellen und Ihnen anschlie\u00dfend das Produkt mit dem Rezept zuzusenden. Wir k\u00f6nnen Sie auch kontaktieren, wenn wir weitere Informationen ben\u00f6tigen. Der Bestellvorgang ist schnell, sicher und wir respektieren die Privatsph\u00e4re unserer Kunden.\u00a0<a href=\"https:\/\/nembutalkaufen.com\/en\/contact\/\">Kontaktieren<\/a>\u00a0Sie uns f\u00fcr weitere Informationen.<\/p>","protected":false},"excerpt":{"rendered":"<p>kaufen butabarbital<\/p>","protected":false},"featured_media":6212,"comment_status":"open","ping_status":"closed","template":"","meta":{"om_disable_all_campaigns":false,"site-sidebar-layout":"default","site-content-layout":"","ast-site-content-layout":"default","site-content-style":"default","site-sidebar-style":"default","ast-global-header-display":"","ast-banner-title-visibility":"","ast-main-header-display":"","ast-hfb-above-header-display":"","ast-hfb-below-header-display":"","ast-hfb-mobile-header-display":"","site-post-title":"","ast-breadcrumbs-content":"","ast-featured-img":"","footer-sml-layout":"","theme-transparent-header-meta":"default","adv-header-id-meta":"","stick-header-meta":"","header-above-stick-meta":"","header-main-stick-meta":"","header-below-stick-meta":"","astra-migrate-meta-layouts":"set","ast-page-background-enabled":"default","ast-page-background-meta":{"desktop":{"background-color":"","background-image":"","background-repeat":"repeat","background-position":"center center","background-size":"auto","background-attachment":"scroll","background-type":"","background-media":"","overlay-type":"","overlay-color":"","overlay-opacity":"","overlay-gradient":""},"tablet":{"background-color":"","background-image":"","background-repeat":"repeat","background-position":"center center","background-size":"auto","background-attachment":"scroll","background-type":"","background-media":"","overlay-type":"","overlay-color":"","overlay-opacity":"","overlay-gradient":""},"mobile":{"background-color":"","background-image":"","background-repeat":"repeat","background-position":"center center","background-size":"auto","background-attachment":"scroll","background-type":"","background-media":"","overlay-type":"","overlay-color":"","overlay-opacity":"","overlay-gradient":""}},"ast-content-background-meta":{"desktop":{"background-color":"var(--ast-global-color-5)","background-image":"","background-repeat":"repeat","background-position":"center center","background-size":"auto","background-attachment":"scroll","background-type":"","background-media":"","overlay-type":"","overlay-color":"","overlay-opacity":"","overlay-gradient":""},"tablet":{"background-color":"var(--ast-global-color-5)","background-image":"","background-repeat":"repeat","background-position":"center center","background-size":"auto","background-attachment":"scroll","background-type":"","background-media":"","overlay-type":"","overlay-color":"","overlay-opacity":"","overlay-gradient":""},"mobile":{"background-color":"var(--ast-global-color-5)","background-image":"","background-repeat":"repeat","background-position":"center center","background-size":"auto","background-attachment":"scroll","background-type":"","background-media":"","overlay-type":"","overlay-color":"","overlay-opacity":"","overlay-gradient":""}}},"product_brand":[],"product_cat":[33],"product_tag":[113,139,154,157,142,147,158,153,145,144,146,148,149,34,141,160,159,143,150,163,155,151,152,140,156,162,161],"class_list":{"0":"post-6182","1":"product","2":"type-product","3":"status-publish","4":"has-post-thumbnail","6":"product_cat-nembutal","7":"product_tag-beste-stelle","8":"product_tag-bester-guenstiger-preis-butabarbital-tabletten","9":"product_tag-billige-butabarbital-tabletten","10":"product_tag-butabarbital-tabletten-bestellen","11":"product_tag-butabarbital-tabletten-fluessig","12":"product_tag-butabarbital-tabletten-lieferant","13":"product_tag-butabarbital-tabletten-online-bestellen","14":"product_tag-butabarbital-tabletten-online-kaufen","15":"product_tag-butabarbital-tabletten-preis","16":"product_tag-butabarbital-tabletten-pulver","17":"product_tag-butabarbital-tabletten-speichern","18":"product_tag-butabarbital-tabletten-verwenden","19":"product_tag-butabarbital-tabletten-wiki","20":"product_tag-butabarbital-tabletten-zu-verkaufen","21":"product_tag-butabarbital-tabletten-zur-reinigung","22":"product_tag-butabarbital-tabletten-einkaufen","23":"product_tag-butabarbital-tabletten-kaufen","24":"product_tag-butabarbital-tabletten-online","25":"product_tag-butabarbital-tabletten-weltweit","26":"product_tag-grosshandel-butabarbital-tabletten-lose-online","27":"product_tag-hochwertige-butabarbital-tabletten","28":"product_tag-kaufen-butabarbital-tabletten","29":"product_tag-kaufen-butabarbital-tabletten-legal","30":"product_tag-um-butabarbital-tabletten-zu-kaufen","31":"product_tag-wie-man-butabarbital-tabletten-kauft","32":"product_tag-wo-man-butabarbital-tabletten-bestellen-kann","33":"product_tag-wo-man-butabarbital-tabletten-kaufen-kann","34":"desktop-align-left","35":"tablet-align-left","36":"mobile-align-left","38":"first","39":"instock","40":"shipping-taxable","41":"purchasable","42":"product-type-variable"},"aioseo_notices":[],"_links":{"self":[{"href":"https:\/\/nembutalkaufen.com\/nl\/wp-json\/wp\/v2\/product\/6182","targetHints":{"allow":["GET"]}}],"collection":[{"href":"https:\/\/nembutalkaufen.com\/nl\/wp-json\/wp\/v2\/product"}],"about":[{"href":"https:\/\/nembutalkaufen.com\/nl\/wp-json\/wp\/v2\/types\/product"}],"replies":[{"embeddable":true,"href":"https:\/\/nembutalkaufen.com\/nl\/wp-json\/wp\/v2\/comments?post=6182"}],"wp:featuredmedia":[{"embeddable":true,"href":"https:\/\/nembutalkaufen.com\/nl\/wp-json\/wp\/v2\/media\/6212"}],"wp:attachment":[{"href":"https:\/\/nembutalkaufen.com\/nl\/wp-json\/wp\/v2\/media?parent=6182"}],"wp:term":[{"taxonomy":"product_brand","embeddable":true,"href":"https:\/\/nembutalkaufen.com\/nl\/wp-json\/wp\/v2\/product_brand?post=6182"},{"taxonomy":"product_cat","embeddable":true,"href":"https:\/\/nembutalkaufen.com\/nl\/wp-json\/wp\/v2\/product_cat?post=6182"},{"taxonomy":"product_tag","embeddable":true,"href":"https:\/\/nembutalkaufen.com\/nl\/wp-json\/wp\/v2\/product_tag?post=6182"}],"curies":[{"name":"wp","href":"https:\/\/api.w.org\/{rel}","templated":true}]}}