{"id":6197,"date":"2025-07-30T08:31:57","date_gmt":"2025-07-30T08:31:57","guid":{"rendered":"https:\/\/nembutalkaufen.com\/?post_type=product&#038;p=6197"},"modified":"2025-07-30T09:05:09","modified_gmt":"2025-07-30T09:05:09","slug":"phenobarbital-luminal-kaufen-online","status":"publish","type":"product","link":"https:\/\/nembutalkaufen.com\/nl\/product\/phenobarbital-luminal-kaufen-online\/","title":{"rendered":"Phenobarbital Luminal kaufen online"},"content":{"rendered":"<h1>Phenobarbital Luminal kaufen online<\/h1>\n<p>Phenobarbital Luminal kaufen online ,Es ist in der Regel nicht m\u00f6glich, (Phenobarbital Luminal) ohne Rezept in einem seri\u00f6sen Gesch\u00e4ft zu kaufen. In unserem Shop arbeiten jedoch registrierte \u00c4rzte mit Ihnen zusammen, die Ihnen bei der Beschaffung von Rezepten helfen, damit Sie eine Bestellung aufgeben k\u00f6nnen. <a href=\"https:\/\/nembutalkaufen.com\/nl\/\">NEMBUTAL KAUFEN ONLINE\u00a0<\/a><\/p>\n<p>Geben Sie einfach Ihre Bestellung auf und geben Sie Ihre Daten korrekt ein, da wir Ihre Daten ben\u00f6tigen, um Ihnen das Rezept auszustellen und Ihnen anschlie\u00dfend das Produkt mit dem Rezept zuzusenden. Wir k\u00f6nnen Sie auch kontaktieren, wenn wir weitere Informationen ben\u00f6tigen. Der Bestellvorgang ist schnell, sicher und wir respektieren die Privatsph\u00e4re unserer Kunden.\u00a0<a href=\"https:\/\/nembutalkaufen.com\/en\/contact\/\">Kontaktieren<\/a>\u00a0Sie uns f\u00fcr weitere Informationen.<\/p>","protected":false},"excerpt":{"rendered":"<h3 class=\"product_title entry-title\">Phenobarbital (Phenobarbital) \/ Luminal , NEMBUTAL KAUFEN<\/h3>","protected":false},"featured_media":6217,"comment_status":"open","ping_status":"closed","template":"","meta":{"om_disable_all_campaigns":false,"site-sidebar-layout":"default","site-content-layout":"","ast-site-content-layout":"default","site-content-style":"default","site-sidebar-style":"default","ast-global-header-display":"","ast-banner-title-visibility":"","ast-main-header-display":"","ast-hfb-above-header-display":"","ast-hfb-below-header-display":"","ast-hfb-mobile-header-display":"","site-post-title":"","ast-breadcrumbs-content":"","ast-featured-img":"","footer-sml-layout":"","theme-transparent-header-meta":"default","adv-header-id-meta":"","stick-header-meta":"","header-above-stick-meta":"","header-main-stick-meta":"","header-below-stick-meta":"","astra-migrate-meta-layouts":"set","ast-page-background-enabled":"default","ast-page-background-meta":{"desktop":{"background-color":"","background-image":"","background-repeat":"repeat","background-position":"center center","background-size":"auto","background-attachment":"scroll","background-type":"","background-media":"","overlay-type":"","overlay-color":"","overlay-opacity":"","overlay-gradient":""},"tablet":{"background-color":"","background-image":"","background-repeat":"repeat","background-position":"center center","background-size":"auto","background-attachment":"scroll","background-type":"","background-media":"","overlay-type":"","overlay-color":"","overlay-opacity":"","overlay-gradient":""},"mobile":{"background-color":"","background-image":"","background-repeat":"repeat","background-position":"center center","background-size":"auto","background-attachment":"scroll","background-type":"","background-media":"","overlay-type":"","overlay-color":"","overlay-opacity":"","overlay-gradient":""}},"ast-content-background-meta":{"desktop":{"background-color":"var(--ast-global-color-5)","background-image":"","background-repeat":"repeat","background-position":"center center","background-size":"auto","background-attachment":"scroll","background-type":"","background-media":"","overlay-type":"","overlay-color":"","overlay-opacity":"","overlay-gradient":""},"tablet":{"background-color":"var(--ast-global-color-5)","background-image":"","background-repeat":"repeat","background-position":"center center","background-size":"auto","background-attachment":"scroll","background-type":"","background-media":"","overlay-type":"","overlay-color":"","overlay-opacity":"","overlay-gradient":""},"mobile":{"background-color":"var(--ast-global-color-5)","background-image":"","background-repeat":"repeat","background-position":"center center","background-size":"auto","background-attachment":"scroll","background-type":"","background-media":"","overlay-type":"","overlay-color":"","overlay-opacity":"","overlay-gradient":""}}},"product_brand":[],"product_cat":[33],"product_tag":[113,191,196,217,212,199,213,203,214,193,206,194,207,210,200,195,205,197,209,208,202,201,204,192,211,198,216,215],"class_list":{"0":"post-6197","1":"product","2":"type-product","3":"status-publish","4":"has-post-thumbnail","6":"product_cat-nembutal","7":"product_tag-beste-stelle","8":"product_tag-bester-billiger-preis-phenobarbital","9":"product_tag-billige-phenobarbitale","10":"product_tag-grosshandel-phenobarbital-lose-online","11":"product_tag-kaeufer-phenobarbital","12":"product_tag-phenobarbital-bestellen","13":"product_tag-phenobarbital-einkaufen","14":"product_tag-phenobarbital-fluessig","15":"product_tag-phenobarbital-hoechster-qualitaet","16":"product_tag-phenobarbital-kaufen","17":"product_tag-phenobarbital-lagern","18":"product_tag-phenobarbital-legal-kaufen","19":"product_tag-phenobarbital-lieferant","20":"product_tag-phenobarbital-online","21":"product_tag-phenobarbital-online-bestellen","22":"product_tag-phenobarbital-online-kaufen","23":"product_tag-phenobarbital-preis","24":"product_tag-phenobarbital-von-hoher-qualitaet","25":"product_tag-phenobarbital-weltweit","26":"product_tag-phenobarbital-wiki","27":"product_tag-phenobarbital-zu-verkaufen","28":"product_tag-phenobarbital-zur-reinigung","29":"product_tag-phenobarbital-pulver","30":"product_tag-um-phenobarbital-zu-kaufen","31":"product_tag-verwendung-von-phenobarbitalen","32":"product_tag-wie-man-phenobarbital-kauft","33":"product_tag-wo-man-phenobarbital-bestellen-kann","34":"product_tag-wo-man-phenobarbital-kaufen-kann","35":"desktop-align-left","36":"tablet-align-left","37":"mobile-align-left","39":"first","40":"instock","41":"shipping-taxable","42":"purchasable","43":"product-type-variable"},"aioseo_notices":[],"_links":{"self":[{"href":"https:\/\/nembutalkaufen.com\/nl\/wp-json\/wp\/v2\/product\/6197","targetHints":{"allow":["GET"]}}],"collection":[{"href":"https:\/\/nembutalkaufen.com\/nl\/wp-json\/wp\/v2\/product"}],"about":[{"href":"https:\/\/nembutalkaufen.com\/nl\/wp-json\/wp\/v2\/types\/product"}],"replies":[{"embeddable":true,"href":"https:\/\/nembutalkaufen.com\/nl\/wp-json\/wp\/v2\/comments?post=6197"}],"wp:featuredmedia":[{"embeddable":true,"href":"https:\/\/nembutalkaufen.com\/nl\/wp-json\/wp\/v2\/media\/6217"}],"wp:attachment":[{"href":"https:\/\/nembutalkaufen.com\/nl\/wp-json\/wp\/v2\/media?parent=6197"}],"wp:term":[{"taxonomy":"product_brand","embeddable":true,"href":"https:\/\/nembutalkaufen.com\/nl\/wp-json\/wp\/v2\/product_brand?post=6197"},{"taxonomy":"product_cat","embeddable":true,"href":"https:\/\/nembutalkaufen.com\/nl\/wp-json\/wp\/v2\/product_cat?post=6197"},{"taxonomy":"product_tag","embeddable":true,"href":"https:\/\/nembutalkaufen.com\/nl\/wp-json\/wp\/v2\/product_tag?post=6197"}],"curies":[{"name":"wp","href":"https:\/\/api.w.org\/{rel}","templated":true}]}}