{"id":6203,"date":"2025-07-29T15:54:07","date_gmt":"2025-07-29T15:54:07","guid":{"rendered":"https:\/\/nembutalkaufen.com\/?post_type=product&#038;p=6203"},"modified":"2025-07-29T19:55:56","modified_gmt":"2025-07-29T19:55:56","slug":"seconal-natrium-kaufen-online","status":"publish","type":"product","link":"https:\/\/nembutalkaufen.com\/nl\/product\/seconal-natrium-kaufen-online\/","title":{"rendered":"Seconal Natrium kaufen online"},"content":{"rendered":"<h1>Seconal Natrium kaufen online<\/h1>\n<p>Seconal Natrium kaufen online auch bekannt als <a href=\"https:\/\/nembutalkaufen.com\/nl\/\">Barbituraten<\/a> Seconal ( Sekund\u00e4res Natrium zum Verkauf )\u00a0 Seconal-Natrium hilft Ihnen, sich vor einer Operation ruhiger zu f\u00fchlen. Seconal-Natrium geh\u00f6rt zu einer Gruppe von Medikamenten, die als Barbiturat-Hypnotika bezeichnet werden und deren Einnahme eingeschr\u00e4nkt ist. Es beruhigt Sie, indem es bestimmte Bereiche des Gehirns beeinflusst. Angenommen, Sie sind vollj\u00e4hrig, schwanger oder nehmen andere Medikamente ein.<\/p>\n<p>In diesem Fall sollten Sie mit Ihrem Arzt oder Apotheker \u00fcber die Vor- und Nachteile dieses Medikaments sowie \u00fcber wirksamere und m\u00f6glicherweise sicherere Behandlungen sprechen. Lesen Sie vor Beginn der Einnahme von Seconal-Natrium und bei jeder Nachbestellung die dem Produkt unserer Online-Apotheke beiliegende Gebrauchsinformation. Bei Fragen wenden Sie sich an Ihren Arzt oder Apotheker. Nehmen Sie dieses Medikament wie verordnet auf vollen Magen ein.<\/p>\n<h2>Ist es m\u00f6glich Seconal Natrium rezeptfrei oder ohne Rezept zu kaufen?<\/h2>\n<p>Es ist in der Regel nicht m\u00f6glich, Seconal Natrium ohne Rezept in einem seri\u00f6sen Gesch\u00e4ft zu kaufen. In unserem Shop arbeiten jedoch registrierte \u00c4rzte mit Ihnen zusammen, die Ihnen bei der Beschaffung von Rezepten helfen, damit Sie eine Bestellung aufgeben k\u00f6nnen.<\/p>\n<p>Geben Sie einfach Ihre Bestellung auf und geben Sie Ihre Daten korrekt ein, da wir Ihre Daten ben\u00f6tigen, um Ihnen das Rezept auszustellen und Ihnen anschlie\u00dfend das Produkt mit dem Rezept zuzusenden. Wir k\u00f6nnen Sie auch kontaktieren, wenn wir weitere Informationen ben\u00f6tigen. Der Bestellvorgang ist schnell, sicher und wir respektieren die Privatsph\u00e4re unserer Kunden. <a href=\"https:\/\/nembutalkaufen.com\/nl\/neem-contact-op-met\/\">Kontaktieren<\/a> Sie uns f\u00fcr weitere Informationen.<\/p>","protected":false},"excerpt":{"rendered":"<h2 class=\"product_title entry-title\">Seconal Natrium (Barbiturate Seconal)<\/h2>\n<p>Bestellung Seconal Natrium mit einem Rezept f\u00fcr das Produkt. Unser Arzt wird Ihnen das ben\u00f6tigte Rezept ausstellen<\/p>","protected":false},"featured_media":6208,"comment_status":"open","ping_status":"closed","template":"","meta":{"om_disable_all_campaigns":false,"site-sidebar-layout":"default","site-content-layout":"","ast-site-content-layout":"default","site-content-style":"default","site-sidebar-style":"default","ast-global-header-display":"","ast-banner-title-visibility":"","ast-main-header-display":"","ast-hfb-above-header-display":"","ast-hfb-below-header-display":"","ast-hfb-mobile-header-display":"","site-post-title":"","ast-breadcrumbs-content":"","ast-featured-img":"","footer-sml-layout":"","theme-transparent-header-meta":"default","adv-header-id-meta":"","stick-header-meta":"","header-above-stick-meta":"","header-main-stick-meta":"","header-below-stick-meta":"","astra-migrate-meta-layouts":"set","ast-page-background-enabled":"default","ast-page-background-meta":{"desktop":{"background-color":"","background-image":"","background-repeat":"repeat","background-position":"center center","background-size":"auto","background-attachment":"scroll","background-type":"","background-media":"","overlay-type":"","overlay-color":"","overlay-opacity":"","overlay-gradient":""},"tablet":{"background-color":"","background-image":"","background-repeat":"repeat","background-position":"center center","background-size":"auto","background-attachment":"scroll","background-type":"","background-media":"","overlay-type":"","overlay-color":"","overlay-opacity":"","overlay-gradient":""},"mobile":{"background-color":"","background-image":"","background-repeat":"repeat","background-position":"center center","background-size":"auto","background-attachment":"scroll","background-type":"","background-media":"","overlay-type":"","overlay-color":"","overlay-opacity":"","overlay-gradient":""}},"ast-content-background-meta":{"desktop":{"background-color":"var(--ast-global-color-5)","background-image":"","background-repeat":"repeat","background-position":"center center","background-size":"auto","background-attachment":"scroll","background-type":"","background-media":"","overlay-type":"","overlay-color":"","overlay-opacity":"","overlay-gradient":""},"tablet":{"background-color":"var(--ast-global-color-5)","background-image":"","background-repeat":"repeat","background-position":"center center","background-size":"auto","background-attachment":"scroll","background-type":"","background-media":"","overlay-type":"","overlay-color":"","overlay-opacity":"","overlay-gradient":""},"mobile":{"background-color":"var(--ast-global-color-5)","background-image":"","background-repeat":"repeat","background-position":"center center","background-size":"auto","background-attachment":"scroll","background-type":"","background-media":"","overlay-type":"","overlay-color":"","overlay-opacity":"","overlay-gradient":""}}},"product_brand":[],"product_cat":[33],"product_tag":[90,53,92,95,107,111,96,98,93,100,99,101,103,108,104,94,102,106,105,91,97,110,109],"class_list":{"0":"post-6203","1":"product","2":"type-product","3":"status-publish","4":"has-post-thumbnail","6":"product_cat-nembutal","7":"product_tag-bester-guenstiger-preis-seconal-natrium","8":"product_tag-bester-ort","9":"product_tag-bestes-geschaeft-seconal-natrium","10":"product_tag-billiges-seconal-natrium","11":"product_tag-geschaeft-seconal-natrium","12":"product_tag-grosshandel-seconal-natrium-lose-online","13":"product_tag-hochwertiges-seconal-natrium","14":"product_tag-seconal-natrium-bestellen","15":"product_tag-seconal-natrium-kaufen","16":"product_tag-seconal-natrium-online-bestellen","17":"product_tag-seconal-natrium-zum-verkauf-bestellen","18":"product_tag-seconal-natrium-chemisch","19":"product_tag-seconal-natrium-gesetzlich","20":"product_tag-seconal-natrium-hoechster-qualitaet","21":"product_tag-seconal-natrium-online","22":"product_tag-seconal-natrium-online-kaufen","23":"product_tag-seconal-natrium-zum-verkauf","24":"product_tag-seconal-natrium-lieferant-online","25":"product_tag-seconal-natrium-preis","26":"product_tag-um-seconal-natrium-zu-kaufen","27":"product_tag-wie-man-seconal-natrium-kauft","28":"product_tag-wo-kann-man-seconal-natrium-bestellen","29":"product_tag-wo-kann-man-seconal-natrium-kaufen","30":"desktop-align-left","31":"tablet-align-left","32":"mobile-align-left","34":"first","35":"instock","36":"shipping-taxable","37":"purchasable","38":"product-type-variable"},"aioseo_notices":[],"_links":{"self":[{"href":"https:\/\/nembutalkaufen.com\/nl\/wp-json\/wp\/v2\/product\/6203","targetHints":{"allow":["GET"]}}],"collection":[{"href":"https:\/\/nembutalkaufen.com\/nl\/wp-json\/wp\/v2\/product"}],"about":[{"href":"https:\/\/nembutalkaufen.com\/nl\/wp-json\/wp\/v2\/types\/product"}],"replies":[{"embeddable":true,"href":"https:\/\/nembutalkaufen.com\/nl\/wp-json\/wp\/v2\/comments?post=6203"}],"wp:featuredmedia":[{"embeddable":true,"href":"https:\/\/nembutalkaufen.com\/nl\/wp-json\/wp\/v2\/media\/6208"}],"wp:attachment":[{"href":"https:\/\/nembutalkaufen.com\/nl\/wp-json\/wp\/v2\/media?parent=6203"}],"wp:term":[{"taxonomy":"product_brand","embeddable":true,"href":"https:\/\/nembutalkaufen.com\/nl\/wp-json\/wp\/v2\/product_brand?post=6203"},{"taxonomy":"product_cat","embeddable":true,"href":"https:\/\/nembutalkaufen.com\/nl\/wp-json\/wp\/v2\/product_cat?post=6203"},{"taxonomy":"product_tag","embeddable":true,"href":"https:\/\/nembutalkaufen.com\/nl\/wp-json\/wp\/v2\/product_tag?post=6203"}],"curies":[{"name":"wp","href":"https:\/\/api.w.org\/{rel}","templated":true}]}}