{"id":5755,"date":"2023-01-11T00:46:38","date_gmt":"2023-01-11T00:46:38","guid":{"rendered":"https:\/\/nembutalkaufen.com\/?post_type=product&#038;p=5755"},"modified":"2025-10-16T21:44:32","modified_gmt":"2025-10-16T21:44:32","slug":"nembutal-pillen","status":"publish","type":"product","link":"https:\/\/nembutalkaufen.com\/pl\/product\/tabletki-nembutal\/","title":{"rendered":"Tabletki Nembutal"},"content":{"rendered":"<h1>\u00a0 \u00a0 \u00a0 \u00a0 \u00a0 \u00a0 \u00a0 \u00a0 \u00a0 \u00a0 \u00a0 <strong>\u00a0 Tabletki Nembutal<\/strong><\/h1>\n<p>Nembutal Pills , W buy nembutal mo\u017cesz teraz z\u0142o\u017cy\u0107 zam\u00f3wienie na zakup tabletek Nembutal i wykorzysta\u0107 je na swoj\u0105 korzy\u015b\u0107 dla swojej kondycji. Zwr\u00f3cimy uwag\u0119 na informacje o zam\u00f3wieniu i wy\u015blemy identyczne w odpowiednim miejscu wakacyjnym. Po\u0142\u0105cz si\u0119 z nami ju\u017c dzi\u015b i kup tabletki Nembutal na rynku po ni\u017cszych cenach.<\/p>\n<p>Dzi\u0119ki naszej niezwykle du\u017cej popularno\u015bci w bran\u017cy, dostarczamy tabletki Nembutal w szczeg\u00f3lny spos\u00f3b. Realizujemy kr\u00f3tki i sprawny gad\u017cet transportowy dla naszych klient\u00f3w, aby zapewni\u0107, \u017ce otrzymaj\u0105 zam\u00f3wienie tak szybko, jak to mo\u017cliwe. Nieustannie d\u0105\u017cymy do tego, aby nasi klienci nie mogli si\u0119 doczeka\u0107 transportu swoich produkt\u00f3w.<\/p>\n<p>Poniewa\u017c jeste\u015bmy wyspecjalizowan\u0105 aptek\u0105 internetow\u0105, nie pomijamy \u017cadnego czynnika ani szczeg\u00f3\u0142u, kt\u00f3ry nas martwi, je\u015bli chodzi o czysty transport produkt\u00f3w. Nasza grupa monitoruje ca\u0142o\u015b\u0107 ka\u017cdego dnia, aby upewni\u0107 si\u0119, \u017ce nic nie zosta\u0142o pomini\u0119te. Chcemy, aby nasi cenni klienci otrzymali to, co najlepsze dla ich kondycji.<\/p>\n<h2>Jaka jest rola tabletek Nembutal w \u017cyciu ludzi?<\/h2>\n<p>Na pocz\u0105tek, tabletki Nembutal nie s\u0105 po prostu przypadkowym lekiem, kt\u00f3rego nie mo\u017cna sprzeda\u0107 w pobliskiej przychodni lub aptece. Jest to lek najwy\u017cszej klasy, kt\u00f3ry jest stosowany jako \u015brodek odurzaj\u0105cy do leczenia deprywacji snu u ludzi. W szpitalach i klinikach naukowych lekarze i chirurdzy u\u017cywaj\u0105 tabletek Nembutal, aby wywo\u0142a\u0107 sen u pacjent\u00f3w, aby przej\u015b\u0107 do procedury naukowej.<\/p>\n<p>Co wi\u0119cej, je\u015bli masz jakiekolwiek zastosowanie tabletek Nembutal, mo\u017cesz po\u0142\u0105czy\u0107 si\u0119 z najlepsz\u0105 aptek\u0105 internetow\u0105 w Internecie na ca\u0142ym \u015bwiecie, czyli Nembutal Buy. Tutaj mo\u017cesz uzyska\u0107 wysok\u0105 satysfakcj\u0119 z ca\u0142ej rzeczy. Skontaktuj si\u0119 z nami teraz!<\/p>\n<p>Jaka jest najbezpieczniejsza strona internetowa do robienia zakup\u00f3w online?<br \/>\nPo pierwsze, nie wstyd\u017a si\u0119! Nasz sklep internetowy Nembutal jest zdecydowanie bezpieczny, zakup Nembutal zapewnia dostawc\u0119 na najwy\u017cszym poziomie i dostarcza leki w dyskretnym opakowaniu. Jest to jedno z najbardziej satysfakcjonuj\u0105cych miejsc do kupowania lek\u00f3w Nembutal, poniewa\u017c mog\u0105 one by\u0107 niedrogie i nadmiernie pierwszorz\u0119dne.<\/p>\n<p>Co wi\u0119cej, nasze leki Nembutal s\u0105 najszybszym, najprostszym i maksymalnie bezbolesnym sposobem na pope\u0142nienie samob\u00f3jstwa. Mog\u0105 by\u0107 r\u00f3wnie\u017c stosowane przez wszystkich, kt\u00f3rzy chc\u0105 odebra\u0107 sobie \u017cycie w domu. Zam\u00f3w leki nembutal ju\u017c teraz i otrzymaj sw\u00f3j w\u0142asny, \u0142atwy do zastosowania pakiet samob\u00f3jczy zawieraj\u0105cy wszystko, czego potrzebujesz, aby zrezygnowa\u0107 z tego wszystkiego w znacznie mniej ni\u017c trzy minuty.<\/p>\n<p>Wreszcie, szukasz tabletek Nembutal na sprzeda\u017c? Jeste\u015bmy wysoce satysfakcjonuj\u0105cym miejscem, w kt\u00f3rym mo\u017cna kupi\u0107 tabletki Nembutal na sprzeda\u017c. Najwy\u017cszej jako\u015bci pigu\u0142ki Nembutal, kt\u00f3re mo\u017cna mie\u0107 online, s\u0105 do Twojej dyspozycji w Nembutal Buy.<\/p>","protected":false},"excerpt":{"rendered":"<p>Kup Nembutal jest teraz dost\u0119pny na scenie internetowej. Wprowad\u017a szczeg\u00f3\u0142y zam\u00f3wienia, aby kupi\u0107 tabletki butabarbitalu sodowego 50 mg na naszej legalnej stronie internetowej, a nast\u0119pnie cen\u0119 za to samo. Po z\u0142o\u017ceniu zam\u00f3wienia b\u0119dzie ono gotowe w okre\u015blonym czasie. Z\u0142\u00f3\u017c zam\u00f3wienie ju\u017c dzi\u015b!<\/p>","protected":false},"featured_media":6039,"comment_status":"open","ping_status":"closed","template":"","meta":{"om_disable_all_campaigns":false,"site-sidebar-layout":"default","site-content-layout":"default","ast-site-content-layout":"default","site-content-style":"default","site-sidebar-style":"default","ast-global-header-display":"","ast-banner-title-visibility":"","ast-main-header-display":"","ast-hfb-above-header-display":"","ast-hfb-below-header-display":"","ast-hfb-mobile-header-display":"","site-post-title":"","ast-breadcrumbs-content":"","ast-featured-img":"","footer-sml-layout":"","theme-transparent-header-meta":"default","adv-header-id-meta":"","stick-header-meta":"","header-above-stick-meta":"","header-main-stick-meta":"","header-below-stick-meta":"","astra-migrate-meta-layouts":"set","ast-page-background-enabled":"default","ast-page-background-meta":{"desktop":{"background-color":"","background-image":"","background-repeat":"repeat","background-position":"center center","background-size":"auto","background-attachment":"scroll","background-type":"","background-media":"","overlay-type":"","overlay-color":"","overlay-opacity":"","overlay-gradient":""},"tablet":{"background-color":"","background-image":"","background-repeat":"repeat","background-position":"center center","background-size":"auto","background-attachment":"scroll","background-type":"","background-media":"","overlay-type":"","overlay-color":"","overlay-opacity":"","overlay-gradient":""},"mobile":{"background-color":"","background-image":"","background-repeat":"repeat","background-position":"center center","background-size":"auto","background-attachment":"scroll","background-type":"","background-media":"","overlay-type":"","overlay-color":"","overlay-opacity":"","overlay-gradient":""}},"ast-content-background-meta":{"desktop":{"background-color":"var(--ast-global-color-5)","background-image":"","background-repeat":"repeat","background-position":"center center","background-size":"auto","background-attachment":"scroll","background-type":"","background-media":"","overlay-type":"","overlay-color":"","overlay-opacity":"","overlay-gradient":""},"tablet":{"background-color":"var(--ast-global-color-5)","background-image":"","background-repeat":"repeat","background-position":"center center","background-size":"auto","background-attachment":"scroll","background-type":"","background-media":"","overlay-type":"","overlay-color":"","overlay-opacity":"","overlay-gradient":""},"mobile":{"background-color":"var(--ast-global-color-5)","background-image":"","background-repeat":"repeat","background-position":"center center","background-size":"auto","background-attachment":"scroll","background-type":"","background-media":"","overlay-type":"","overlay-color":"","overlay-opacity":"","overlay-gradient":""}}},"product_brand":[],"product_cat":[33],"product_tag":[41,35,36,34,42,44,37,39,38,40,43,45],"class_list":{"0":"post-5755","1":"product","2":"type-product","3":"status-publish","4":"has-post-thumbnail","6":"product_cat-nembutal","7":"product_tag-bestellen-nembutal-pillen-online","8":"product_tag-butabarbital-natrium-50-mg-tabletten-zu-den-besten-preisen-kaufen","9":"product_tag-butabarbital-tabletten-online-ohne-rezept-kaufen","10":"product_tag-butabarbital-tabletten-zu-verkaufen","11":"product_tag-der-beste-ort","12":"product_tag-der-beste-weg","13":"product_tag-kaufen-nembutal-pillen-online","14":"product_tag-nembutal-pillen-online-kaufen","15":"product_tag-nembutal-pillen-zum-verkauf","16":"product_tag-online-nembutal-pillen","17":"product_tag-um-nembutal-pillen-online-zu-kaufen","18":"product_tag-wo-kaufen-nembutal-pillen","19":"desktop-align-left","20":"tablet-align-left","21":"mobile-align-left","23":"first","24":"instock","25":"shipping-taxable","26":"purchasable","27":"product-type-variable"},"aioseo_notices":[],"_links":{"self":[{"href":"https:\/\/nembutalkaufen.com\/pl\/wp-json\/wp\/v2\/product\/5755","targetHints":{"allow":["GET"]}}],"collection":[{"href":"https:\/\/nembutalkaufen.com\/pl\/wp-json\/wp\/v2\/product"}],"about":[{"href":"https:\/\/nembutalkaufen.com\/pl\/wp-json\/wp\/v2\/types\/product"}],"replies":[{"embeddable":true,"href":"https:\/\/nembutalkaufen.com\/pl\/wp-json\/wp\/v2\/comments?post=5755"}],"wp:featuredmedia":[{"embeddable":true,"href":"https:\/\/nembutalkaufen.com\/pl\/wp-json\/wp\/v2\/media\/6039"}],"wp:attachment":[{"href":"https:\/\/nembutalkaufen.com\/pl\/wp-json\/wp\/v2\/media?parent=5755"}],"wp:term":[{"taxonomy":"product_brand","embeddable":true,"href":"https:\/\/nembutalkaufen.com\/pl\/wp-json\/wp\/v2\/product_brand?post=5755"},{"taxonomy":"product_cat","embeddable":true,"href":"https:\/\/nembutalkaufen.com\/pl\/wp-json\/wp\/v2\/product_cat?post=5755"},{"taxonomy":"product_tag","embeddable":true,"href":"https:\/\/nembutalkaufen.com\/pl\/wp-json\/wp\/v2\/product_tag?post=5755"}],"curies":[{"name":"wp","href":"https:\/\/api.w.org\/{rel}","templated":true}]}}