{"id":5764,"date":"2023-01-11T01:58:27","date_gmt":"2023-01-11T01:58:27","guid":{"rendered":"https:\/\/nembutalkaufen.com\/?post_type=product&#038;p=5764"},"modified":"2026-03-15T07:44:52","modified_gmt":"2026-03-15T07:44:52","slug":"nembutal-kapseln-online-kaufen","status":"publish","type":"product","link":"https:\/\/nembutalkaufen.com\/pl\/product\/nembutal-capsules-online-buy\/","title":{"rendered":"Kup kapsu\u0142ki Nembutal online"},"content":{"rendered":"<p>Szukasz niezawodnej i fachowej apteki internetowej, kt\u00f3ra umo\u017cliwia zakup kapsu\u0142ek Nembutal online w dobrej cenie? Je\u015bli tak, to zdecydowanie trafi\u0142e\u015b we w\u0142a\u015bciwe miejsce w rzeczywisto\u015bci. Jeste\u015bmy zdiagnozowan\u0105 aptek\u0105 internetow\u0105 uznan\u0105 pod reputacj\u0105 zakupu Nembutalu. B\u0119d\u0105c doskona\u0142ym przewo\u017anikiem i dostawc\u0105 na rynku online, zdobyli\u015bmy wielu lojalnych klient\u00f3w, kt\u00f3rzy cz\u0119sto kupuj\u0105 kapsu\u0142ki Nembutal w naszej aptece internetowej.<\/p>\n<p>Nawet je\u015bli kupujesz kapsu\u0142ki Nembutal po raz pierwszy w naszej aptece internetowej, nie martw si\u0119. U nas dostaniesz to, co najlepsze. Jeste\u015bmy stale tutaj, aby pom\u00f3c Ci w wygodnych zakupach kapsu\u0142ek Nembutal online. Przestrzegamy odpowiednich wymaga\u0144 firmy i dostarczamy naszym klientom ich towary w ten sam spos\u00f3b. Z pomoc\u0105 naszej apteki internetowej nie ma kompromis\u00f3w w zakresie jako\u015bci, pakowania lub wysy\u0142ki kapsu\u0142ek Nembutal. Je\u015bli planujesz kupi\u0107 kapsu\u0142ki Nembutal, skontaktuj si\u0119 z nami w tych dniach i spe\u0142nij swoje potrzeby w kr\u00f3tkim czasie.<\/p>\n<p>Dlaczego zakup kapsu\u0142ek Nembutal jest najlepsz\u0105 decyzj\u0105?<br \/>\nJe\u015bli potrzebujesz kapsu\u0142ek Nembutal w wyj\u0105tkowy spos\u00f3b z mi\u0142ymi recenzjami i kr\u00f3tk\u0105 wysy\u0142k\u0105, to wyb\u00f3r nas jest zawsze dobrym wyborem. Nembutal buy sprzedaje pi\u0119kne, pi\u0119kne kapsu\u0142ki Nembutal po niskich op\u0142atach na ca\u0142ym \u015bwiecie. Jednym z punkt\u00f3w, kt\u00f3ry utrzymuje nas na w\u0142a\u015bciwej drodze, jest fakt, \u017ce teraz nie korzystamy z po\u015brednik\u00f3w w naszym procesie transakcyjnym. Rozmawiamy z klientami natychmiast i realizujemy ich zam\u00f3wienia w odpowiednim czasie.<\/p>\n<p>Co wi\u0119cej, dzia\u0142aj\u0105c w tej dziedzinie przez d\u0142u\u017cszy czas, byli\u015bmy faworyzowani z pomoc\u0105 naszych klient\u00f3w w postaci wysokiej jako\u015bci krytyki i informacji zwrotnych. Nasza grupa gwarantuje, \u017ce kapsu\u0142ki Nembutal docieraj\u0105 do klient\u00f3w w bezpieczny i stabilny spos\u00f3b. Ponadto do ka\u017cdego produktu do\u0142\u0105czamy zestaw polece\u0144. Polecenia te pomog\u0105 ci manipulowa\u0107 lekiem na kapsu\u0142ki Nembutal w kompleksowy spos\u00f3b.<\/p>\n<p>Wreszcie, nasze pierwszorz\u0119dne oferty s\u0105 dost\u0119pne dla Ciebie przez ca\u0142y czas. Mo\u017cesz r\u00f3wnie\u017c uzyska\u0107 dodatkowe statystyki dotycz\u0105ce lek\u00f3w na Nembutal Capsules przy wsparciu naszej apteki internetowej. Wcze\u015bniej ludzie zmagali si\u0119 z zakupem kapsu\u0142ek Nembutal. Ale wraz z rozwojem w czasie, nasza apteka online przyby\u0142a z towarami Nembutal. Nale\u017cy je kupowa\u0107 zawsze i wsz\u0119dzie.<\/p>\n<p>Wi\u0119cej informacji o kapsu\u0142kach Nembutal<br \/>\nNa pocz\u0105tek, leki Nembutal s\u0105 form\u0105 leku, kt\u00f3ry jest zwykle stosowany jako \u015brodek uspokajaj\u0105cy, aby pom\u00f3c niespokojnej osobie zasn\u0105\u0107. Mo\u017ce by\u0107 r\u00f3wnie\u017c stosowany w leczeniu drgawek, kt\u00f3re mog\u0105 pojawi\u0107 si\u0119, gdy dana osoba ma guza umys\u0142u. Mo\u017ce by\u0107 r\u00f3wnie\u017c stosowany w leczeniu objaw\u00f3w choroby Parkinsona i odstawienia lek\u00f3w.<\/p>\n<p>Ponadto leki Nembutal s\u0105 stosowane w Stanach Zjednoczonych do wykonywania kary \u015bmierci i zosta\u0142y sklasyfikowane jako \u015brodki uspokajaj\u0105ce pierwszego rzutu w Indiach. Leki te s\u0105 r\u00f3wnie\u017c stosowane we wspomaganym samob\u00f3jstwie, gdzie zapewniaj\u0105 \u015bmier\u0107 bez u\u017cycia przemocy \u015bmiertelnie chorym pacjentom, kt\u00f3rzy wol\u0105 przesta\u0107 walczy\u0107 i by\u0107 utrzymywani przy \u017cyciu wbrew ich woli.<\/p>\n<p>Jedna z najbardziej znanych tabletek stosowanych w eutanazji, Nembutal, sta\u0142a si\u0119 bardzo trudna do zdobycia w aptekach w ostatnich latach. Buy Nembutal jest tutaj, aby to zmieni\u0107. Oferujemy szerok\u0105 gam\u0119 towar\u00f3w wraz z lekami Nembutal, proszkiem Nembutal i innymi s\u0142ynnymi tabletkami do eutanazji. Jeste\u015bmy znani z dostarczania najwy\u017cszej jako\u015bci towar\u00f3w w bardzo przyst\u0119pnych cenach.<\/p>\n<p>Wysoka jako\u015b\u0107 towar\u00f3w<br \/>\nPo pierwsze, nasze leki Nembutal s\u0105 najwy\u017cszej klasy. Oferujemy najlepsz\u0105 jako\u015b\u0107, a nasze leki s\u0105 testowane jako 100% naturalne, z maksymaln\u0105 jako\u015bci\u0105 jak \u017cadne inne. Oferujemy szerok\u0105 gam\u0119 r\u00f3\u017cnych d\u0142ugo\u015bci, aby dopasowa\u0107 si\u0119 do Twoich potrzeb, dzi\u0119ki czemu mo\u017cesz uzyska\u0107 najlepsze recenzje w historii.<\/p>\n<p>Ponownie zapewniamy doskona\u0142e leki nembutal na sprzeda\u017c. Leki s\u0105 jedynymi w swoim rodzaju dost\u0119pnymi mocami i mo\u017cna je kupi\u0107 online bez \u017cadnych trudno\u015bci. Zapewniamy, \u017ce mo\u017cna uzyska\u0107 po\u017c\u0105dany lek na czas i z \u0142atwo\u015bci\u0105, wi\u0119c naprawd\u0119 warto robi\u0107 zakupy na naszej stronie internetowej!<\/p>\n<p>Nembutal najlepiej nadaje si\u0119 do eutanazji i dla os\u00f3b, kt\u00f3re chc\u0105 zako\u0144czy\u0107 w\u0142asne \u017cycie. Jest r\u00f3wnie\u017c stosowany przez weterynarzy podczas eutanazji zwierz\u0105t cierpi\u0105cych na nieuleczalne choroby. Oferujemy unikalne dawki leku Nembutal. Mamy 30 mg, 60 mg i 100 mg.<\/p>","protected":false},"excerpt":{"rendered":"<p>Kup nembutal oferuje tabletki nembutal na sprzeda\u017c w celu terminowej dostawy do okre\u015blonego obszaru. Sprawd\u017a szczeg\u00f3\u0142y dotycz\u0105ce ilo\u015bci i kontynuuj zam\u00f3wienie<\/p>","protected":false},"featured_media":6038,"comment_status":"open","ping_status":"closed","template":"","meta":{"om_disable_all_campaigns":false,"site-sidebar-layout":"default","site-content-layout":"default","ast-site-content-layout":"default","site-content-style":"default","site-sidebar-style":"default","ast-global-header-display":"","ast-banner-title-visibility":"","ast-main-header-display":"","ast-hfb-above-header-display":"","ast-hfb-below-header-display":"","ast-hfb-mobile-header-display":"","site-post-title":"","ast-breadcrumbs-content":"","ast-featured-img":"","footer-sml-layout":"","theme-transparent-header-meta":"default","adv-header-id-meta":"","stick-header-meta":"","header-above-stick-meta":"","header-main-stick-meta":"","header-below-stick-meta":"","astra-migrate-meta-layouts":"set","ast-page-background-enabled":"default","ast-page-background-meta":{"desktop":{"background-color":"","background-image":"","background-repeat":"repeat","background-position":"center center","background-size":"auto","background-attachment":"scroll","background-type":"","background-media":"","overlay-type":"","overlay-color":"","overlay-opacity":"","overlay-gradient":""},"tablet":{"background-color":"","background-image":"","background-repeat":"repeat","background-position":"center center","background-size":"auto","background-attachment":"scroll","background-type":"","background-media":"","overlay-type":"","overlay-color":"","overlay-opacity":"","overlay-gradient":""},"mobile":{"background-color":"","background-image":"","background-repeat":"repeat","background-position":"center center","background-size":"auto","background-attachment":"scroll","background-type":"","background-media":"","overlay-type":"","overlay-color":"","overlay-opacity":"","overlay-gradient":""}},"ast-content-background-meta":{"desktop":{"background-color":"var(--ast-global-color-5)","background-image":"","background-repeat":"repeat","background-position":"center center","background-size":"auto","background-attachment":"scroll","background-type":"","background-media":"","overlay-type":"","overlay-color":"","overlay-opacity":"","overlay-gradient":""},"tablet":{"background-color":"var(--ast-global-color-5)","background-image":"","background-repeat":"repeat","background-position":"center center","background-size":"auto","background-attachment":"scroll","background-type":"","background-media":"","overlay-type":"","overlay-color":"","overlay-opacity":"","overlay-gradient":""},"mobile":{"background-color":"var(--ast-global-color-5)","background-image":"","background-repeat":"repeat","background-position":"center center","background-size":"auto","background-attachment":"scroll","background-type":"","background-media":"","overlay-type":"","overlay-color":"","overlay-opacity":"","overlay-gradient":""}}},"product_brand":[],"product_cat":[33],"product_tag":[46,53,47,48,49,55,56,58,59,57,50,51,54,52,60],"class_list":{"0":"post-5764","1":"product","2":"type-product","3":"status-publish","4":"has-post-thumbnail","6":"product_cat-nembutal","7":"product_tag-best-place-to-buy-nembutal-capsules-online","8":"product_tag-bester-ort","9":"product_tag-buy-nembutal-capsules-online","10":"product_tag-high-quality-nembutal-capsules-for-sale","11":"product_tag-nembutal-capsules-for-sale","12":"product_tag-nembutal-ohne-rezept-kaufen","13":"product_tag-nembutal-tabletten-kaufen","14":"product_tag-nembutal-tabletten-online","15":"product_tag-nembutal-tabletten-zu-kaufen","16":"product_tag-nembutal-tabletten-zum-verkauf","17":"product_tag-order-nembutal-capsules-online","18":"product_tag-purchase-nembutal-capsules","19":"product_tag-um-nembutal-tabletten-online-zu-kaufen","20":"product_tag-where-to-buy-nembutal-capsules","21":"product_tag-wo-kann-man-nembutal-tabletten-kaufen","22":"desktop-align-left","23":"tablet-align-left","24":"mobile-align-left","26":"first","27":"instock","28":"shipping-taxable","29":"purchasable","30":"product-type-variable"},"aioseo_notices":[],"_links":{"self":[{"href":"https:\/\/nembutalkaufen.com\/pl\/wp-json\/wp\/v2\/product\/5764","targetHints":{"allow":["GET"]}}],"collection":[{"href":"https:\/\/nembutalkaufen.com\/pl\/wp-json\/wp\/v2\/product"}],"about":[{"href":"https:\/\/nembutalkaufen.com\/pl\/wp-json\/wp\/v2\/types\/product"}],"replies":[{"embeddable":true,"href":"https:\/\/nembutalkaufen.com\/pl\/wp-json\/wp\/v2\/comments?post=5764"}],"wp:featuredmedia":[{"embeddable":true,"href":"https:\/\/nembutalkaufen.com\/pl\/wp-json\/wp\/v2\/media\/6038"}],"wp:attachment":[{"href":"https:\/\/nembutalkaufen.com\/pl\/wp-json\/wp\/v2\/media?parent=5764"}],"wp:term":[{"taxonomy":"product_brand","embeddable":true,"href":"https:\/\/nembutalkaufen.com\/pl\/wp-json\/wp\/v2\/product_brand?post=5764"},{"taxonomy":"product_cat","embeddable":true,"href":"https:\/\/nembutalkaufen.com\/pl\/wp-json\/wp\/v2\/product_cat?post=5764"},{"taxonomy":"product_tag","embeddable":true,"href":"https:\/\/nembutalkaufen.com\/pl\/wp-json\/wp\/v2\/product_tag?post=5764"}],"curies":[{"name":"wp","href":"https:\/\/api.w.org\/{rel}","templated":true}]}}