{"id":5780,"date":"2023-01-11T02:19:56","date_gmt":"2023-01-11T02:19:56","guid":{"rendered":"https:\/\/nembutalkaufen.com\/?post_type=product&#038;p=5780"},"modified":"2026-01-31T02:16:47","modified_gmt":"2026-01-31T02:16:47","slug":"nembutal-flussig-zum-einnehmen","status":"publish","type":"product","link":"https:\/\/nembutalkaufen.com\/pl\/product\/nembutal-flowing-to-take\/","title":{"rendered":"Nembutal p\u0142yn do stosowania doustnego"},"content":{"rendered":"<h1><span style=\"vertical-align: inherit;\"><span style=\"vertical-align: inherit;\">\u00a0 \u00a0 \u00a0 \u00a0 \u00a0Nembutal Liquid do stosowania doustnego i wstrzykiwa\u0144<\/span><\/span><\/h1>\n<p>&nbsp;<\/p>\n<p><span style=\"vertical-align: inherit;\"><span style=\"vertical-align: inherit;\">Kup pentobarbital online liduid , Pentobarbital sodu jest dost\u0119pny w postaci roztworu doustnego dla ludzi pod nazw\u0105 Nembutal. Mo\u017ce by\u0107 podawany przez do\u015bwiadczonych specjalist\u00f3w w szpitalach i klinikach lub w domu. Jego efektem ubocznym jest uczucie senno\u015bci, ale nie powinien powodowa\u0107 utraty przytomno\u015bci ani pami\u0119ci.<\/span><\/span><\/p>\n<p><span style=\"vertical-align: inherit;\"><span style=\"vertical-align: inherit;\">Lek Nembutal Oral Liquid, zakupiony w postaci p\u0142ynu, zawiera pentobarbital sodu. Po rozpuszczeniu w wodzie dzia\u0142a uspokajaj\u0105co lub nasennie. Lek Nembutal jest r\u00f3wnie\u017c stosowany w leczeniu drgawek u niekt\u00f3rych pacjent\u00f3w. Lek Nembutal jest zazwyczaj przepisywany w leczeniu bezsenno\u015bci u os\u00f3b starszych, w po\u0142\u0105czeniu z innymi lekami lub u pacjent\u00f3w wymagaj\u0105cych ci\u0105g\u0142ej sedacji. Nembutal mo\u017ce powodowa\u0107 senno\u015b\u0107, zawroty g\u0142owy, zawroty g\u0142owy, tymczasow\u0105 utrat\u0119 pami\u0119ci, niewyra\u017an\u0105 mow\u0119 i senno\u015b\u0107 w ci\u0105gu dnia.<\/span><\/span><\/p>\n<p><span style=\"vertical-align: inherit;\"><span style=\"vertical-align: inherit;\">Nembutal to powszechnie stosowany kr\u00f3tkotrwa\u0142y \u015brodek uspokajaj\u0105cy, kt\u00f3ry mo\u017cna naby\u0107 w postaci p\u0142ynu, tabletek lub pigu\u0142ek. Doustna p\u0142ynna wersja tego leku nosi nazw\u0119 Nembutal - Oral Liquid i jest bez smaku, dzi\u0119ki czemu jest \u0142atwa do po\u0142kni\u0119cia. Ta doustna posta\u0107 dawkowania leku Nembutal pozwala r\u00f3wnie\u017c lekarzom przepisa\u0107 lek dok\u0142adnie wtedy, kiedy i gdzie pacjent tego chce.<\/span><\/span><\/p>\n<p><span style=\"vertical-align: inherit;\"><span style=\"vertical-align: inherit;\">Nembutal dzia\u0142a szybko, przekraczaj\u0105c barier\u0119 krew-duch, dzi\u0119ki czemu nie powoduje ju\u017c nadmiernej senno\u015bci. Dzia\u0142a szybko w celu zmniejszenia aktywno\u015bci drgawkowej i mo\u017ce by\u0107 podawany we wstrzykni\u0119ciu lub bezpo\u015brednio do \u017co\u0142\u0105dka. Nembutal mo\u017ce powodowa\u0107 nadmierne skutki uboczne, takie jak rozstr\u00f3j \u017co\u0142\u0105dka, nudno\u015bci, zgaga, spowolniony oddech, dezorientacja, halucynacje, niskie ci\u015bnienie krwi (niedoci\u015bnienie), niski poziom cukru we krwi (hipoglikemia), niewydolno\u015b\u0107 nerek, szybkie lub nieprawid\u0142owo wolne bicie serca (arytmia), nadpobudliwo\u015b\u0107 (pobudzenie) i nieprawid\u0142owe oddychanie.<\/span><\/span><\/p>\n<p><span style=\"vertical-align: inherit;\"><span style=\"vertical-align: inherit;\">Oferujemy szerok\u0105 gam\u0119 postaci dawkowania leku Nembutal, w tym p\u0142yn doustny Nembutal, proszek Nembutal, tabletki Nembutal i roztw\u00f3r do wstrzykiwa\u0144 Nembutal, a tak\u017ce dostaw\u0119 do domu.<\/span><\/span><\/p>\n<p><span style=\"vertical-align: inherit;\"><span style=\"vertical-align: inherit;\">Dlaczego warto kupi\u0107 pentobarbital online? <\/span><\/span><br \/>\n<span style=\"vertical-align: inherit;\"><span style=\"vertical-align: inherit;\">Nasz Nembutal Liquid oferuje korzy\u015b\u0107 w postaci mo\u017cliwo\u015bci zabrania tego barbituranu ze sob\u0105 przez ca\u0142y czas, bez konieczno\u015bci martwienia si\u0119 o przechowywanie p\u0142yn\u00f3w lub \u0107wiczenia. 1 ml p\u0142ynu odpowiada oko\u0142o 1 barbituranowi, co pozwala na silne uspokojenie w przypadku kr\u00f3tkotrwa\u0142ego stosowania. Nembutal mo\u017ce by\u0107 stosowany miejscowo (na sk\u00f3r\u0119) w celu kr\u00f3tkotrwa\u0142ego z\u0142agodzenia oznak i objaw\u00f3w sw\u0119dzenia lub stanu zapalnego. Mo\u017cna go r\u00f3wnie\u017c przyjmowa\u0107 doustnie; nie wolno go jednak stosowa\u0107 do leczenia b\u00f3lu, poniewa\u017c przedawkowanie mo\u017ce prowadzi\u0107 do \u015bmierci, niewydolno\u015bci w\u0105troby, depresji oddechowej, \u015bpi\u0105czki lub zatrzymania oddechu.<\/span><\/span><\/p>\n<p><span style=\"vertical-align: inherit;\"><span style=\"vertical-align: inherit;\">Wiemy, \u017ce \u015bledzenie ka\u017cdego przyjmowanego leku jest naprawd\u0119 uci\u0105\u017cliwe - dlatego u\u0142atwili\u015bmy Ci to. Prowadzenie rejestru przyjmowanych lek\u00f3w - i tego, co robisz - pozwala wszystkim lekarzom sprawdzi\u0107, jak dobrze sobie radzisz. Nembutal mo\u017ce mie\u0107 powa\u017cne, a czasami \u015bmiertelne skutki uboczne.<\/span><\/span><\/p>\n<p><span style=\"vertical-align: inherit;\"><span style=\"vertical-align: inherit;\">Jeste\u015bmy tutaj, aby pom\u00f3c Ci uzyska\u0107 leki, przyspieszy\u0107 je lub przekierowa\u0107. Dostarczymy leki bezpiecznie i w przyst\u0119pnej cenie. Kup pentobarbital online od nas tanio.<\/span><\/span><\/p>\n<p><span style=\"vertical-align: inherit;\"><span style=\"vertical-align: inherit;\">Kiedy\u015b trudno by\u0142o zdoby\u0107 leki bez podnoszenia ich ceny. Teraz ju\u017c tak nie jest. Zadbali\u015bmy o to, aby Twoje leki by\u0142y dostarczane prawid\u0142owo i szybko - w rozs\u0105dnej cenie. Kup u nas tanio pentobarbital online.<\/span><\/span><\/p>","protected":false},"excerpt":{"rendered":"<p><span style=\"vertical-align: inherit;\"><span style=\"vertical-align: inherit;\">Kup pentobarbital w p\u0142ynie online. Pentobarbital sodowy jest dost\u0119pny w postaci roztworu doustnego pod nazw\u0105 handlow\u0105 Nembutal. Mo\u017ce by\u0107 podawany przez przeszkolonych specjalist\u00f3w w szpitalach i klinikach lub w domu.<\/span><\/span><\/p>","protected":false},"featured_media":6041,"comment_status":"open","ping_status":"closed","template":"","meta":{"om_disable_all_campaigns":false,"site-sidebar-layout":"default","site-content-layout":"default","ast-site-content-layout":"default","site-content-style":"default","site-sidebar-style":"default","ast-global-header-display":"","ast-banner-title-visibility":"","ast-main-header-display":"","ast-hfb-above-header-display":"","ast-hfb-below-header-display":"","ast-hfb-mobile-header-display":"","site-post-title":"","ast-breadcrumbs-content":"","ast-featured-img":"","footer-sml-layout":"","theme-transparent-header-meta":"default","adv-header-id-meta":"","stick-header-meta":"","header-above-stick-meta":"","header-main-stick-meta":"","header-below-stick-meta":"","astra-migrate-meta-layouts":"set","ast-page-background-enabled":"default","ast-page-background-meta":{"desktop":{"background-color":"","background-image":"","background-repeat":"repeat","background-position":"center center","background-size":"auto","background-attachment":"scroll","background-type":"","background-media":"","overlay-type":"","overlay-color":"","overlay-opacity":"","overlay-gradient":""},"tablet":{"background-color":"","background-image":"","background-repeat":"repeat","background-position":"center center","background-size":"auto","background-attachment":"scroll","background-type":"","background-media":"","overlay-type":"","overlay-color":"","overlay-opacity":"","overlay-gradient":""},"mobile":{"background-color":"","background-image":"","background-repeat":"repeat","background-position":"center center","background-size":"auto","background-attachment":"scroll","background-type":"","background-media":"","overlay-type":"","overlay-color":"","overlay-opacity":"","overlay-gradient":""}},"ast-content-background-meta":{"desktop":{"background-color":"var(--ast-global-color-5)","background-image":"","background-repeat":"repeat","background-position":"center center","background-size":"auto","background-attachment":"scroll","background-type":"","background-media":"","overlay-type":"","overlay-color":"","overlay-opacity":"","overlay-gradient":""},"tablet":{"background-color":"var(--ast-global-color-5)","background-image":"","background-repeat":"repeat","background-position":"center center","background-size":"auto","background-attachment":"scroll","background-type":"","background-media":"","overlay-type":"","overlay-color":"","overlay-opacity":"","overlay-gradient":""},"mobile":{"background-color":"var(--ast-global-color-5)","background-image":"","background-repeat":"repeat","background-position":"center center","background-size":"auto","background-attachment":"scroll","background-type":"","background-media":"","overlay-type":"","overlay-color":"","overlay-opacity":"","overlay-gradient":""}}},"product_brand":[],"product_cat":[33],"product_tag":[],"class_list":{"0":"post-5780","1":"product","2":"type-product","3":"status-publish","4":"has-post-thumbnail","6":"product_cat-nembutal","7":"desktop-align-left","8":"tablet-align-left","9":"mobile-align-left","11":"first","12":"instock","13":"shipping-taxable","14":"purchasable","15":"product-type-variable"},"aioseo_notices":[],"_links":{"self":[{"href":"https:\/\/nembutalkaufen.com\/pl\/wp-json\/wp\/v2\/product\/5780","targetHints":{"allow":["GET"]}}],"collection":[{"href":"https:\/\/nembutalkaufen.com\/pl\/wp-json\/wp\/v2\/product"}],"about":[{"href":"https:\/\/nembutalkaufen.com\/pl\/wp-json\/wp\/v2\/types\/product"}],"replies":[{"embeddable":true,"href":"https:\/\/nembutalkaufen.com\/pl\/wp-json\/wp\/v2\/comments?post=5780"}],"wp:featuredmedia":[{"embeddable":true,"href":"https:\/\/nembutalkaufen.com\/pl\/wp-json\/wp\/v2\/media\/6041"}],"wp:attachment":[{"href":"https:\/\/nembutalkaufen.com\/pl\/wp-json\/wp\/v2\/media?parent=5780"}],"wp:term":[{"taxonomy":"product_brand","embeddable":true,"href":"https:\/\/nembutalkaufen.com\/pl\/wp-json\/wp\/v2\/product_brand?post=5780"},{"taxonomy":"product_cat","embeddable":true,"href":"https:\/\/nembutalkaufen.com\/pl\/wp-json\/wp\/v2\/product_cat?post=5780"},{"taxonomy":"product_tag","embeddable":true,"href":"https:\/\/nembutalkaufen.com\/pl\/wp-json\/wp\/v2\/product_tag?post=5780"}],"curies":[{"name":"wp","href":"https:\/\/api.w.org\/{rel}","templated":true}]}}