{"id":5786,"date":"2023-01-11T02:38:05","date_gmt":"2023-01-11T02:38:05","guid":{"rendered":"https:\/\/nembutalkaufen.com\/?post_type=product&#038;p=5786"},"modified":"2026-03-17T07:25:53","modified_gmt":"2026-03-17T07:25:53","slug":"nembutal-pulver","status":"publish","type":"product","link":"https:\/\/nembutalkaufen.com\/pl\/product\/nembutal-w-proszku\/","title":{"rendered":"Nembutal w proszku"},"content":{"rendered":"<h1 style=\"text-align: center;\"><a href=\"https:\/\/nembutalkaufen.com\/fr\/\">Nembutal w proszku<\/a><\/h1>\n<p>&nbsp;<\/p>\n<p>Kup Nembutal to ekspercka apteka z super lekami i pigu\u0142kami, kt\u00f3re mo\u017cna kupi\u0107 na rynku online. Je\u015bli jeste\u015b sk\u0142onny kupi\u0107 proszek Nembutal online od najlepszego dostawcy proszku Nembutal, to nasza apteka jest w\u0142a\u015bciwym miejscem, aby to zrobi\u0107. Po\u0142\u0105cz si\u0119 z nami w tych dniach i szybko przygotuj swoje potrzeby. Tw\u00f3j lek dotrze do Ciebie w wybranym przez Ciebie miejscu. Zam\u00f3w Nembutal w proszku online teraz w bardzo przyst\u0119pnej cenie!<\/p>\n<p>Jakie korzy\u015bci mo\u017cna odnie\u015b\u0107 stosuj\u0105c Nembutal w proszku?<br \/>\nNembutal Powder s\u0142u\u017cy do wywo\u0142ywania snu u os\u00f3b cierpi\u0105cych na problemy z drzemk\u0105, takie jak bezsenno\u015b\u0107 lub problemy z drzemk\u0105. Je\u015bli istnieje jakiekolwiek ryzyko, \u017ce masz identyczne funkcje do spe\u0142nienia, to zdecydowanie w\u0142a\u015bciwym wyborem jest zakup Nembutal Powder online w naszej aptece internetowej.<\/p>\n<p>Gdzie najlepiej kupi\u0107 Nembutal Powder online?<br \/>\nNiezale\u017cnie od tego, czy jeste\u015b kupuj\u0105cym Nembutal Powder po raz pierwszy, czy powracaj\u0105cym kupuj\u0105cym, Buy Nembutal b\u0119dzie zazwyczaj odpowiednim \u015brodowiskiem do sfinalizowania zakupu. Dzi\u0119ki wieloletniemu do\u015bwiadczeniu rozumiemy spos\u00f3b my\u015blenia klient\u00f3w i oferujemy im produkty zgodne z ich oczekiwaniami. Twoje dane i informacje osobiste s\u0105 u nas ca\u0142kowicie bezpieczne. Nigdy nie udost\u0119pniamy tych informacji osobom trzecim. W ten spos\u00f3b mo\u017cesz bez trudu kupi\u0107 od nas Nembutal Powder online za bardzo satysfakcjonuj\u0105c\u0105 op\u0142at\u0105.<\/p>\n<p>Zazwyczaj zostaniesz poinformowany z wyprzedzeniem przez innych przy zakupie w naszej aptece internetowej. Przez d\u0142ugi czas zdobyli\u015bmy wielu klient\u00f3w. Je\u015bli chcesz uzyska\u0107 wysoce satysfakcjonuj\u0105ce wyniki, nie musisz ju\u017c ryzykowa\u0107, aby si\u0119 z nami skontaktowa\u0107.<\/p>\n<p>Kupi\u0107 Nembutal do eutanazji<br \/>\nNa pocz\u0105tek, pentobarbital jest medycznym lekiem eutanazyjnym, kt\u00f3ry powoduje \u015bmier\u0107 w ci\u0105gu 15 i p\u00f3\u0142 godziny w dawkach 25 gram\u00f3w i wi\u0119cej, w zale\u017cno\u015bci od wieku i wagi. Co wi\u0119cej, jest to najlepsze miejsce do zakupu proszku Nembutal bez recepty. Oferujemy uczciw\u0105 obs\u0142ug\u0119, lu\u017an\u0105 wysy\u0142k\u0119 i dyskretne opakowanie.<\/p>\n<p>Co wi\u0119cej, proszek Nembutal na rynku jest jedn\u0105 z najbardziej znanych tabletek w\u015br\u00f3d tych, kt\u00f3rzy chc\u0105 pope\u0142ni\u0107 samob\u00f3jstwo, poniewa\u017c nie powoduje b\u00f3lu i niebezpiecznych konsekwencji dla organizmu i jest bardzo czysty w u\u017cyciu. Oferujemy zbyt \u0142adny Nembutal na rynku po ni\u017cszych cenach. Nembutal w proszku na rynku! Pentobarbital Group jest jednym z najwi\u0119kszych na \u015bwiecie dostawc\u00f3w Nembutalu. Prawdopodobnie widzia\u0142e\u015b ju\u017c, \u017ce oferujemy unikalny asortyment na naszej stronie internetowej. Dzia\u0142amy w tej bran\u017cy od d\u0142u\u017cszego czasu i oferujemy naszym klientom doskona\u0142e towary w rozs\u0105dnej cenie. Do wyczerpania zapas\u00f3w skorzystaj z tej oferty!<\/p>\n<p>Wysy\u0142ka Nembutalu<br \/>\nWreszcie, oferujemy szybki i dyskretny transport na ca\u0142ym \u015bwiecie i zapewniamy spotkanie w razie potrzeby. Ale najwa\u017cniejsze jest to, \u017ce mo\u017cesz zam\u00f3wi\u0107 proszek Nembutal tutaj w Nembutal Buy w zaciszu w\u0142asnego domu i pozby\u0107 si\u0119 go bez \u017cadnych k\u0142opot\u00f3w. Zam\u00f3w teraz!<\/p>","protected":false},"excerpt":{"rendered":"<p>Wy\u015blij zam\u00f3wienie i miej proszek Nembutal na rynku po wyj\u0105tkowych op\u0142atach tutaj, jednym z najcz\u0119\u015bciej stosowanych lek\u00f3w do wspomaganego samob\u00f3jstwa i nie przymusowego zabijania jest proszek Nembutal. Proszek Nembutal mo\u017cna kupi\u0107 w op\u0142acalnej cenie. Zam\u00f3w teraz i uzyskaj bezp\u0142atn\u0105 i bezpieczn\u0105 wysy\u0142k\u0119!<\/p>","protected":false},"featured_media":6036,"comment_status":"open","ping_status":"closed","template":"","meta":{"om_disable_all_campaigns":false,"site-sidebar-layout":"default","site-content-layout":"default","ast-site-content-layout":"default","site-content-style":"default","site-sidebar-style":"default","ast-global-header-display":"","ast-banner-title-visibility":"","ast-main-header-display":"","ast-hfb-above-header-display":"","ast-hfb-below-header-display":"","ast-hfb-mobile-header-display":"","site-post-title":"","ast-breadcrumbs-content":"","ast-featured-img":"","footer-sml-layout":"","theme-transparent-header-meta":"default","adv-header-id-meta":"","stick-header-meta":"","header-above-stick-meta":"","header-main-stick-meta":"","header-below-stick-meta":"","astra-migrate-meta-layouts":"set","ast-page-background-enabled":"default","ast-page-background-meta":{"desktop":{"background-color":"","background-image":"","background-repeat":"repeat","background-position":"center center","background-size":"auto","background-attachment":"scroll","background-type":"","background-media":"","overlay-type":"","overlay-color":"","overlay-opacity":"","overlay-gradient":""},"tablet":{"background-color":"","background-image":"","background-repeat":"repeat","background-position":"center center","background-size":"auto","background-attachment":"scroll","background-type":"","background-media":"","overlay-type":"","overlay-color":"","overlay-opacity":"","overlay-gradient":""},"mobile":{"background-color":"","background-image":"","background-repeat":"repeat","background-position":"center center","background-size":"auto","background-attachment":"scroll","background-type":"","background-media":"","overlay-type":"","overlay-color":"","overlay-opacity":"","overlay-gradient":""}},"ast-content-background-meta":{"desktop":{"background-color":"var(--ast-global-color-5)","background-image":"","background-repeat":"repeat","background-position":"center center","background-size":"auto","background-attachment":"scroll","background-type":"","background-media":"","overlay-type":"","overlay-color":"","overlay-opacity":"","overlay-gradient":""},"tablet":{"background-color":"var(--ast-global-color-5)","background-image":"","background-repeat":"repeat","background-position":"center center","background-size":"auto","background-attachment":"scroll","background-type":"","background-media":"","overlay-type":"","overlay-color":"","overlay-opacity":"","overlay-gradient":""},"mobile":{"background-color":"var(--ast-global-color-5)","background-image":"","background-repeat":"repeat","background-position":"center center","background-size":"auto","background-attachment":"scroll","background-type":"","background-media":"","overlay-type":"","overlay-color":"","overlay-opacity":"","overlay-gradient":""}}},"product_brand":[],"product_cat":[33],"product_tag":[61,62,63,64,65,66,67,77,68,69,72,73,76,70,74,71,75,78],"class_list":{"0":"post-5786","1":"product","2":"type-product","3":"status-publish","4":"has-post-thumbnail","6":"product_cat-nembutal","7":"product_tag-best-place-to-buy-nembutal-powder","8":"product_tag-best-place-to-buy-nembutal-powder-without-prescription","9":"product_tag-buy-nembutal-for-euthanasia","10":"product_tag-buy-nembutal-powder-online","11":"product_tag-buy-nembutal-powder-without-prescription","12":"product_tag-ger-nembutal-powder","13":"product_tag-high-quality-nembutal-for-sale-at-affordable-price","14":"product_tag-lieferanten-von-nembutal","15":"product_tag-nembutal-for-sale","16":"product_tag-nembutal-powder-for-sale","17":"product_tag-nembutal-powder-buy","18":"product_tag-nembutal-pulver-bestellen","19":"product_tag-nembutal-pulver-kaufen","20":"product_tag-nembutal-pulver-online","21":"product_tag-nembutal-pulver-online-kaufen","22":"product_tag-nembutal-pulver-zu-kaufen","23":"product_tag-nembutal-pulver-zu-verkaufen","24":"product_tag-wo-kann-ich-nembutal-pulver-kaufen","25":"desktop-align-left","26":"tablet-align-left","27":"mobile-align-left","29":"first","30":"instock","31":"shipping-taxable","32":"purchasable","33":"product-type-variable","34":"has-default-attributes"},"aioseo_notices":[],"_links":{"self":[{"href":"https:\/\/nembutalkaufen.com\/pl\/wp-json\/wp\/v2\/product\/5786","targetHints":{"allow":["GET"]}}],"collection":[{"href":"https:\/\/nembutalkaufen.com\/pl\/wp-json\/wp\/v2\/product"}],"about":[{"href":"https:\/\/nembutalkaufen.com\/pl\/wp-json\/wp\/v2\/types\/product"}],"replies":[{"embeddable":true,"href":"https:\/\/nembutalkaufen.com\/pl\/wp-json\/wp\/v2\/comments?post=5786"}],"wp:featuredmedia":[{"embeddable":true,"href":"https:\/\/nembutalkaufen.com\/pl\/wp-json\/wp\/v2\/media\/6036"}],"wp:attachment":[{"href":"https:\/\/nembutalkaufen.com\/pl\/wp-json\/wp\/v2\/media?parent=5786"}],"wp:term":[{"taxonomy":"product_brand","embeddable":true,"href":"https:\/\/nembutalkaufen.com\/pl\/wp-json\/wp\/v2\/product_brand?post=5786"},{"taxonomy":"product_cat","embeddable":true,"href":"https:\/\/nembutalkaufen.com\/pl\/wp-json\/wp\/v2\/product_cat?post=5786"},{"taxonomy":"product_tag","embeddable":true,"href":"https:\/\/nembutalkaufen.com\/pl\/wp-json\/wp\/v2\/product_tag?post=5786"}],"curies":[{"name":"wp","href":"https:\/\/api.w.org\/{rel}","templated":true}]}}