{"id":6192,"date":"2025-07-30T00:33:12","date_gmt":"2025-07-30T00:33:12","guid":{"rendered":"https:\/\/nembutalkaufen.com\/?post_type=product&#038;p=6192"},"modified":"2025-07-30T08:00:17","modified_gmt":"2025-07-30T08:00:17","slug":"kaufen-sie-butalbital-online","status":"publish","type":"product","link":"https:\/\/nembutalkaufen.com\/pl\/product\/kaufen-sie-butalbital-online\/","title":{"rendered":"Kaufen Sie Butalbital online"},"content":{"rendered":"<h1>k\u00f6nnen Sie Butalbital online kaufen<\/h1>\n<h1>rezeptfrei<\/h1>\n<p>Kaufen Sie Butalbital online ,Es ist in der Regel nicht m\u00f6glich,Butalbital ohne Rezept in einem seri\u00f6sen Gesch\u00e4ft zu kaufen. In unserem Shop arbeiten jedoch registrierte \u00c4rzte mit Ihnen zusammen, die Ihnen bei der Beschaffung von Rezepten helfen, damit Sie eine Bestellung aufgeben k\u00f6nnen.<\/p>\n<p>Geben Sie einfach Ihre Bestellung auf und geben Sie Ihre Daten korrekt ein, da wir Ihre Daten ben\u00f6tigen, um Ihnen das Rezept auszustellen und Ihnen anschlie\u00dfend das Produkt mit dem Rezept zuzusenden. Wir k\u00f6nnen Sie auch kontaktieren, wenn wir weitere Informationen ben\u00f6tigen. Der Bestellvorgang ist schnell, sicher und wir respektieren die Privatsph\u00e4re unserer Kunden.\u00a0<a href=\"https:\/\/nembutalkaufen.com\/en\/contact\/\">Kontaktieren<\/a>\u00a0Sie uns f\u00fcr weitere Informationen.<\/p>","protected":false},"excerpt":{"rendered":"<p>Butalbital online kaufen<\/p>","protected":false},"featured_media":6216,"comment_status":"open","ping_status":"closed","template":"","meta":{"om_disable_all_campaigns":false,"site-sidebar-layout":"default","site-content-layout":"","ast-site-content-layout":"default","site-content-style":"default","site-sidebar-style":"default","ast-global-header-display":"","ast-banner-title-visibility":"","ast-main-header-display":"","ast-hfb-above-header-display":"","ast-hfb-below-header-display":"","ast-hfb-mobile-header-display":"","site-post-title":"","ast-breadcrumbs-content":"","ast-featured-img":"","footer-sml-layout":"","theme-transparent-header-meta":"default","adv-header-id-meta":"","stick-header-meta":"","header-above-stick-meta":"","header-main-stick-meta":"","header-below-stick-meta":"","astra-migrate-meta-layouts":"set","ast-page-background-enabled":"default","ast-page-background-meta":{"desktop":{"background-color":"","background-image":"","background-repeat":"repeat","background-position":"center center","background-size":"auto","background-attachment":"scroll","background-type":"","background-media":"","overlay-type":"","overlay-color":"","overlay-opacity":"","overlay-gradient":""},"tablet":{"background-color":"","background-image":"","background-repeat":"repeat","background-position":"center center","background-size":"auto","background-attachment":"scroll","background-type":"","background-media":"","overlay-type":"","overlay-color":"","overlay-opacity":"","overlay-gradient":""},"mobile":{"background-color":"","background-image":"","background-repeat":"repeat","background-position":"center center","background-size":"auto","background-attachment":"scroll","background-type":"","background-media":"","overlay-type":"","overlay-color":"","overlay-opacity":"","overlay-gradient":""}},"ast-content-background-meta":{"desktop":{"background-color":"var(--ast-global-color-5)","background-image":"","background-repeat":"repeat","background-position":"center center","background-size":"auto","background-attachment":"scroll","background-type":"","background-media":"","overlay-type":"","overlay-color":"","overlay-opacity":"","overlay-gradient":""},"tablet":{"background-color":"var(--ast-global-color-5)","background-image":"","background-repeat":"repeat","background-position":"center center","background-size":"auto","background-attachment":"scroll","background-type":"","background-media":"","overlay-type":"","overlay-color":"","overlay-opacity":"","overlay-gradient":""},"mobile":{"background-color":"var(--ast-global-color-5)","background-image":"","background-repeat":"repeat","background-position":"center center","background-size":"auto","background-attachment":"scroll","background-type":"","background-media":"","overlay-type":"","overlay-color":"","overlay-opacity":"","overlay-gradient":""}}},"product_brand":[],"product_cat":[33],"product_tag":[],"class_list":{"0":"post-6192","1":"product","2":"type-product","3":"status-publish","4":"has-post-thumbnail","6":"product_cat-nembutal","7":"desktop-align-left","8":"tablet-align-left","9":"mobile-align-left","11":"first","12":"instock","13":"sale","14":"shipping-taxable","15":"purchasable","16":"product-type-variable"},"aioseo_notices":[],"_links":{"self":[{"href":"https:\/\/nembutalkaufen.com\/pl\/wp-json\/wp\/v2\/product\/6192","targetHints":{"allow":["GET"]}}],"collection":[{"href":"https:\/\/nembutalkaufen.com\/pl\/wp-json\/wp\/v2\/product"}],"about":[{"href":"https:\/\/nembutalkaufen.com\/pl\/wp-json\/wp\/v2\/types\/product"}],"replies":[{"embeddable":true,"href":"https:\/\/nembutalkaufen.com\/pl\/wp-json\/wp\/v2\/comments?post=6192"}],"wp:featuredmedia":[{"embeddable":true,"href":"https:\/\/nembutalkaufen.com\/pl\/wp-json\/wp\/v2\/media\/6216"}],"wp:attachment":[{"href":"https:\/\/nembutalkaufen.com\/pl\/wp-json\/wp\/v2\/media?parent=6192"}],"wp:term":[{"taxonomy":"product_brand","embeddable":true,"href":"https:\/\/nembutalkaufen.com\/pl\/wp-json\/wp\/v2\/product_brand?post=6192"},{"taxonomy":"product_cat","embeddable":true,"href":"https:\/\/nembutalkaufen.com\/pl\/wp-json\/wp\/v2\/product_cat?post=6192"},{"taxonomy":"product_tag","embeddable":true,"href":"https:\/\/nembutalkaufen.com\/pl\/wp-json\/wp\/v2\/product_tag?post=6192"}],"curies":[{"name":"wp","href":"https:\/\/api.w.org\/{rel}","templated":true}]}}